{"id":5541,"date":"2026-03-29T19:18:48","date_gmt":"2026-03-29T17:18:48","guid":{"rendered":"https:\/\/prideshoppen.no\/?post_type=product&#038;p=5541"},"modified":"2026-04-03T03:03:38","modified_gmt":"2026-04-03T01:03:38","slug":"pride-ally-pin","status":"publish","type":"product","link":"https:\/\/lmarsports.com\/test\/pride-pins\/pride-ally-pin\/","title":{"rendered":"Pride ally pin"},"content":{"rendered":"<p>Er du en pride ally? Eller overf\u00f8rt til norsk, en som st\u00f8tter pride? Da m\u00e5 du ha denne pride ally pin. En nydelig <span style=\"color: #3366ff;\"><a style=\"color: #3366ff;\" href=\"https:\/\/lmarsports.com\/test\/pride-lgbtq-pin\/\">pride pin<\/a><\/span> som viser at du st\u00f8tter pride og pridebevegelsen. En pride-alliert er en person som aktivt st\u00f8tter og snakker for LHBT+-milj\u00f8et. Dette kan handle om \u00e5 skape inkluderende rom, men ogs\u00e5 \u00e5 si fra mot diskriminering. Det handler rett og slett om \u00e5 skape en mer rettferdig, inkluderende og aksepterende verden for LHBT+-milj\u00f8et. \ud83c\udf08\u2764\ufe0f<\/p>\n<p>En pride ally s\u00f8ker informasjon og pr\u00f8ver \u00e5 forst\u00e5 problemstillinger for folk i LHBT+-milj\u00f8et. Man setter seg inn i terminologi og utfordringene samfunnet st\u00e5r ovenfor. En pride-alliert utfordrer homofobe, transfobiske og bifobiske handlinger eller bemerkninger. Ja, dette gj\u00f8r en pride ally selv om det er ubehagelig. En pride ally er med andre t\u00f8ff som t\u00f8r \u00e5 st\u00e5 opp for at skeive skal ha samme rettigheter som alle andre. \ud83c\udf08\u2764\ufe0f<\/p>\n<p>Pride-allierte gj\u00f8r en innsats for at LHBT+-personer skal f\u00f8le seg trygge og respekterte. De jobber ogs\u00e5 for at personer i milj\u00f8et skal f\u00f8le seg verdsatt. Dette kan v\u00e6re b\u00e5de i privatlivet, men ogs\u00e5 p\u00e5 jobb. Det er like viktig \u00e5 v\u00e6re en pride-alliert i privatlivet som p\u00e5 jobb. En annen viktig ting pride-allierte gj\u00f8re er \u00e5 skape en safe space for \u00e5 dele meninger. At LHBT+-personer f\u00e5r dele sine meninger, erfaringer og perspektiver er viktig for \u00e5 v\u00e6re en god alliert. Ikke minst at man validerer de meninger og erfaringer som LHBT+-personer har. En pride-alliert lar sin st\u00f8tte til pridebevegelsen bli kjent gjennom handlinger og ord.<\/p>\n<p>Vil du vise at du st\u00f8tter pride, s\u00e5 er denne pride ally pin helt fantastisk. \ud83c\udf08\u2764\ufe0f<\/p>\n<p>Vis at du st\u00f8tter pride og kj\u00f8p denne pride ally pin i dag, s\u00e5 sender vi raskt. V\u00e6r med \u00e5 #St\u00f8ttPride du ogs\u00e5. \ud83c\udf08\u2764\ufe0f<\/p>\n","protected":false},"excerpt":{"rendered":"<p>Nydelig pride ally pin som er perfekt \u00e5 ha p\u00e5 seg for \u00e5 vise at du er en pride-alliert. Kj\u00f8p den i dag, s\u00e5 sender vi raskt. \ud83c\udf08\u2764\ufe0f<\/p>\n","protected":false},"featured_media":5542,"comment_status":"open","ping_status":"closed","template":"","meta":{"inline_featured_image":false},"product_brand":[],"product_cat":[87],"product_tag":[],"class_list":{"0":"post-5541","1":"product","2":"type-product","3":"status-publish","4":"has-post-thumbnail","6":"product_cat-pride-pins","7":"col-12 col-sm-6 col-md-4 col-lg-3","9":"first","10":"instock","11":"taxable","12":"shipping-taxable","13":"purchasable","14":"product-type-simple"},"yoast_head":"<!-- This site is optimized with the Yoast SEO plugin v27.5 - https:\/\/yoast.com\/product\/yoast-seo-wordpress\/ -->\n<title>Pride ally pin - Prideshoppen - Pride butikk med kl\u00e6r, merch, flagg og alt til pride<\/title>\n<meta name=\"description\" content=\"En nydelig pride ally pin. V\u00e6r en god pride-alliert, og vis dette i form av denne pin. Se det store utvalget pride pins p\u00e5 Prideshoppen.no. \ud83c\udf08\u2764\ufe0f\" \/>\n<meta name=\"robots\" content=\"index, follow, max-snippet:-1, max-image-preview:large, max-video-preview:-1\" \/>\n<link rel=\"canonical\" href=\"https:\/\/lmarsports.com\/test\/pride-pins\/pride-ally-pin\/\" \/>\n<meta property=\"og:locale\" content=\"nb_NO\" \/>\n<meta property=\"og:type\" content=\"article\" \/>\n<meta property=\"og:title\" content=\"Pride ally pin - Prideshoppen - Pride butikk med kl\u00e6r, merch, flagg og alt til pride\" \/>\n<meta property=\"og:description\" content=\"En nydelig pride ally pin. V\u00e6r en god pride-alliert, og vis dette i form av denne pin. Se det store utvalget pride pins p\u00e5 Prideshoppen.no. \ud83c\udf08\u2764\ufe0f\" \/>\n<meta property=\"og:url\" content=\"https:\/\/lmarsports.com\/test\/pride-pins\/pride-ally-pin\/\" \/>\n<meta property=\"og:site_name\" content=\"Prideshoppen - Pride butikk med kl\u00e6r, merch, flagg og alt til pride\" \/>\n<meta property=\"article:publisher\" content=\"https:\/\/facebook.com\/Prideshoppen\" \/>\n<meta property=\"article:modified_time\" content=\"2026-04-03T01:03:38+00:00\" \/>\n<meta property=\"og:image\" content=\"https:\/\/lmarsports.com\/test\/wp-content\/uploads\/2025\/07\/Ally-pride-pin.jpg\" \/>\n\t<meta property=\"og:image:width\" content=\"1080\" \/>\n\t<meta property=\"og:image:height\" content=\"1080\" \/>\n\t<meta property=\"og:image:type\" content=\"image\/jpeg\" \/>\n<meta name=\"twitter:card\" content=\"summary_large_image\" \/>\n<meta name=\"twitter:label1\" content=\"Ansl. lesetid\" \/>\n\t<meta name=\"twitter:data1\" content=\"2 minutter\" \/>\n<script type=\"application\/ld+json\" class=\"yoast-schema-graph\">{\"@context\":\"https:\\\/\\\/schema.org\",\"@graph\":[{\"@type\":\"WebPage\",\"@id\":\"https:\\\/\\\/lmarsports.com\\\/test\\\/pride-pins\\\/pride-ally-pin\\\/\",\"url\":\"https:\\\/\\\/lmarsports.com\\\/test\\\/pride-pins\\\/pride-ally-pin\\\/\",\"name\":\"Pride ally pin - Prideshoppen - Pride butikk med kl\u00e6r, merch, flagg og alt til pride\",\"isPartOf\":{\"@id\":\"https:\\\/\\\/lmarsports.com\\\/test\\\/#website\"},\"primaryImageOfPage\":{\"@id\":\"https:\\\/\\\/lmarsports.com\\\/test\\\/pride-pins\\\/pride-ally-pin\\\/#primaryimage\"},\"image\":{\"@id\":\"https:\\\/\\\/lmarsports.com\\\/test\\\/pride-pins\\\/pride-ally-pin\\\/#primaryimage\"},\"thumbnailUrl\":\"https:\\\/\\\/lmarsports.com\\\/test\\\/wp-content\\\/uploads\\\/2025\\\/07\\\/Ally-pride-pin.jpg\",\"datePublished\":\"2026-03-29T17:18:48+00:00\",\"dateModified\":\"2026-04-03T01:03:38+00:00\",\"description\":\"En nydelig pride ally pin. V\u00e6r en god pride-alliert, og vis dette i form av denne pin. Se det store utvalget pride pins p\u00e5 Prideshoppen.no. \ud83c\udf08\u2764\ufe0f\",\"breadcrumb\":{\"@id\":\"https:\\\/\\\/lmarsports.com\\\/test\\\/pride-pins\\\/pride-ally-pin\\\/#breadcrumb\"},\"inLanguage\":\"nb-NO\",\"potentialAction\":[{\"@type\":\"ReadAction\",\"target\":[\"https:\\\/\\\/lmarsports.com\\\/test\\\/pride-pins\\\/pride-ally-pin\\\/\"]}]},{\"@type\":\"ImageObject\",\"inLanguage\":\"nb-NO\",\"@id\":\"https:\\\/\\\/lmarsports.com\\\/test\\\/pride-pins\\\/pride-ally-pin\\\/#primaryimage\",\"url\":\"https:\\\/\\\/lmarsports.com\\\/test\\\/wp-content\\\/uploads\\\/2025\\\/07\\\/Ally-pride-pin.jpg\",\"contentUrl\":\"https:\\\/\\\/lmarsports.com\\\/test\\\/wp-content\\\/uploads\\\/2025\\\/07\\\/Ally-pride-pin.jpg\",\"width\":1080,\"height\":1080,\"caption\":\"Fin pride ally pin. Vis at du st\u00f8tter pride med denne pride pin. Fin \u00e5 g\u00e5 med i hverdagen.\"},{\"@type\":\"BreadcrumbList\",\"@id\":\"https:\\\/\\\/lmarsports.com\\\/test\\\/pride-pins\\\/pride-ally-pin\\\/#breadcrumb\",\"itemListElement\":[{\"@type\":\"ListItem\",\"position\":1,\"name\":\"Hjem\",\"item\":\"https:\\\/\\\/lmarsports.com\\\/test\\\/\"},{\"@type\":\"ListItem\",\"position\":2,\"name\":\"Butikk\",\"item\":\"https:\\\/\\\/lmarsports.com\\\/test\\\/butikk\\\/\"},{\"@type\":\"ListItem\",\"position\":3,\"name\":\"Pride ally pin\"}]},{\"@type\":\"WebSite\",\"@id\":\"https:\\\/\\\/lmarsports.com\\\/test\\\/#website\",\"url\":\"https:\\\/\\\/lmarsports.com\\\/test\\\/\",\"name\":\"Prideshoppen - Pride butikk med kl\u00e6r og merch\",\"description\":\"Pride er for alle\",\"publisher\":{\"@id\":\"https:\\\/\\\/lmarsports.com\\\/test\\\/#organization\"},\"potentialAction\":[{\"@type\":\"SearchAction\",\"target\":{\"@type\":\"EntryPoint\",\"urlTemplate\":\"https:\\\/\\\/lmarsports.com\\\/test\\\/?s={search_term_string}\"},\"query-input\":{\"@type\":\"PropertyValueSpecification\",\"valueRequired\":true,\"valueName\":\"search_term_string\"}}],\"inLanguage\":\"nb-NO\"},{\"@type\":\"Organization\",\"@id\":\"https:\\\/\\\/lmarsports.com\\\/test\\\/#organization\",\"name\":\"Prideshoppen - Pride butikk med kl\u00e6r og merch\",\"url\":\"https:\\\/\\\/lmarsports.com\\\/test\\\/\",\"logo\":{\"@type\":\"ImageObject\",\"inLanguage\":\"nb-NO\",\"@id\":\"https:\\\/\\\/lmarsports.com\\\/test\\\/#\\\/schema\\\/logo\\\/image\\\/\",\"url\":\"https:\\\/\\\/lmarsports.com\\\/test\\\/wp-content\\\/uploads\\\/2024\\\/09\\\/Prideshoppen-_logo_black.jpg\",\"contentUrl\":\"https:\\\/\\\/lmarsports.com\\\/test\\\/wp-content\\\/uploads\\\/2024\\\/09\\\/Prideshoppen-_logo_black.jpg\",\"width\":2185,\"height\":596,\"caption\":\"Prideshoppen - Pride butikk med kl\u00e6r og merch\"},\"image\":{\"@id\":\"https:\\\/\\\/lmarsports.com\\\/test\\\/#\\\/schema\\\/logo\\\/image\\\/\"},\"sameAs\":[\"https:\\\/\\\/facebook.com\\\/Prideshoppen\"]}]}<\/script>\n<!-- \/ Yoast SEO plugin. -->","yoast_head_json":{"title":"Pride ally pin - Prideshoppen - Pride butikk med kl\u00e6r, merch, flagg og alt til pride","description":"En nydelig pride ally pin. V\u00e6r en god pride-alliert, og vis dette i form av denne pin. Se det store utvalget pride pins p\u00e5 Prideshoppen.no. \ud83c\udf08\u2764\ufe0f","robots":{"index":"index","follow":"follow","max-snippet":"max-snippet:-1","max-image-preview":"max-image-preview:large","max-video-preview":"max-video-preview:-1"},"canonical":"https:\/\/lmarsports.com\/test\/pride-pins\/pride-ally-pin\/","og_locale":"nb_NO","og_type":"article","og_title":"Pride ally pin - Prideshoppen - Pride butikk med kl\u00e6r, merch, flagg og alt til pride","og_description":"En nydelig pride ally pin. V\u00e6r en god pride-alliert, og vis dette i form av denne pin. Se det store utvalget pride pins p\u00e5 Prideshoppen.no. \ud83c\udf08\u2764\ufe0f","og_url":"https:\/\/lmarsports.com\/test\/pride-pins\/pride-ally-pin\/","og_site_name":"Prideshoppen - Pride butikk med kl\u00e6r, merch, flagg og alt til pride","article_publisher":"https:\/\/facebook.com\/Prideshoppen","article_modified_time":"2026-04-03T01:03:38+00:00","og_image":[{"width":1080,"height":1080,"url":"https:\/\/lmarsports.com\/test\/wp-content\/uploads\/2025\/07\/Ally-pride-pin.jpg","type":"image\/jpeg"}],"twitter_card":"summary_large_image","twitter_misc":{"Ansl. lesetid":"2 minutter"},"schema":{"@context":"https:\/\/schema.org","@graph":[{"@type":"WebPage","@id":"https:\/\/lmarsports.com\/test\/pride-pins\/pride-ally-pin\/","url":"https:\/\/lmarsports.com\/test\/pride-pins\/pride-ally-pin\/","name":"Pride ally pin - Prideshoppen - Pride butikk med kl\u00e6r, merch, flagg og alt til pride","isPartOf":{"@id":"https:\/\/lmarsports.com\/test\/#website"},"primaryImageOfPage":{"@id":"https:\/\/lmarsports.com\/test\/pride-pins\/pride-ally-pin\/#primaryimage"},"image":{"@id":"https:\/\/lmarsports.com\/test\/pride-pins\/pride-ally-pin\/#primaryimage"},"thumbnailUrl":"https:\/\/lmarsports.com\/test\/wp-content\/uploads\/2025\/07\/Ally-pride-pin.jpg","datePublished":"2026-03-29T17:18:48+00:00","dateModified":"2026-04-03T01:03:38+00:00","description":"En nydelig pride ally pin. V\u00e6r en god pride-alliert, og vis dette i form av denne pin. Se det store utvalget pride pins p\u00e5 Prideshoppen.no. \ud83c\udf08\u2764\ufe0f","breadcrumb":{"@id":"https:\/\/lmarsports.com\/test\/pride-pins\/pride-ally-pin\/#breadcrumb"},"inLanguage":"nb-NO","potentialAction":[{"@type":"ReadAction","target":["https:\/\/lmarsports.com\/test\/pride-pins\/pride-ally-pin\/"]}]},{"@type":"ImageObject","inLanguage":"nb-NO","@id":"https:\/\/lmarsports.com\/test\/pride-pins\/pride-ally-pin\/#primaryimage","url":"https:\/\/lmarsports.com\/test\/wp-content\/uploads\/2025\/07\/Ally-pride-pin.jpg","contentUrl":"https:\/\/lmarsports.com\/test\/wp-content\/uploads\/2025\/07\/Ally-pride-pin.jpg","width":1080,"height":1080,"caption":"Fin pride ally pin. Vis at du st\u00f8tter pride med denne pride pin. Fin \u00e5 g\u00e5 med i hverdagen."},{"@type":"BreadcrumbList","@id":"https:\/\/lmarsports.com\/test\/pride-pins\/pride-ally-pin\/#breadcrumb","itemListElement":[{"@type":"ListItem","position":1,"name":"Hjem","item":"https:\/\/lmarsports.com\/test\/"},{"@type":"ListItem","position":2,"name":"Butikk","item":"https:\/\/lmarsports.com\/test\/butikk\/"},{"@type":"ListItem","position":3,"name":"Pride ally pin"}]},{"@type":"WebSite","@id":"https:\/\/lmarsports.com\/test\/#website","url":"https:\/\/lmarsports.com\/test\/","name":"Prideshoppen - Pride butikk med kl\u00e6r og merch","description":"Pride er for alle","publisher":{"@id":"https:\/\/lmarsports.com\/test\/#organization"},"potentialAction":[{"@type":"SearchAction","target":{"@type":"EntryPoint","urlTemplate":"https:\/\/lmarsports.com\/test\/?s={search_term_string}"},"query-input":{"@type":"PropertyValueSpecification","valueRequired":true,"valueName":"search_term_string"}}],"inLanguage":"nb-NO"},{"@type":"Organization","@id":"https:\/\/lmarsports.com\/test\/#organization","name":"Prideshoppen - Pride butikk med kl\u00e6r og merch","url":"https:\/\/lmarsports.com\/test\/","logo":{"@type":"ImageObject","inLanguage":"nb-NO","@id":"https:\/\/lmarsports.com\/test\/#\/schema\/logo\/image\/","url":"https:\/\/lmarsports.com\/test\/wp-content\/uploads\/2024\/09\/Prideshoppen-_logo_black.jpg","contentUrl":"https:\/\/lmarsports.com\/test\/wp-content\/uploads\/2024\/09\/Prideshoppen-_logo_black.jpg","width":2185,"height":596,"caption":"Prideshoppen - Pride butikk med kl\u00e6r og merch"},"image":{"@id":"https:\/\/lmarsports.com\/test\/#\/schema\/logo\/image\/"},"sameAs":["https:\/\/facebook.com\/Prideshoppen"]}]}},"_links":{"self":[{"href":"https:\/\/lmarsports.com\/test\/wp-json\/wp\/v2\/product\/5541","targetHints":{"allow":["GET"]}}],"collection":[{"href":"https:\/\/lmarsports.com\/test\/wp-json\/wp\/v2\/product"}],"about":[{"href":"https:\/\/lmarsports.com\/test\/wp-json\/wp\/v2\/types\/product"}],"replies":[{"embeddable":true,"href":"https:\/\/lmarsports.com\/test\/wp-json\/wp\/v2\/comments?post=5541"}],"wp:featuredmedia":[{"embeddable":true,"href":"https:\/\/lmarsports.com\/test\/wp-json\/wp\/v2\/media\/5542"}],"wp:attachment":[{"href":"https:\/\/lmarsports.com\/test\/wp-json\/wp\/v2\/media?parent=5541"}],"wp:term":[{"taxonomy":"product_brand","embeddable":true,"href":"https:\/\/lmarsports.com\/test\/wp-json\/wp\/v2\/product_brand?post=5541"},{"taxonomy":"product_cat","embeddable":true,"href":"https:\/\/lmarsports.com\/test\/wp-json\/wp\/v2\/product_cat?post=5541"},{"taxonomy":"product_tag","embeddable":true,"href":"https:\/\/lmarsports.com\/test\/wp-json\/wp\/v2\/product_tag?post=5541"}],"curies":[{"name":"wp","href":"https:\/\/api.w.org\/{rel}","templated":true}]}}