{"id":5202,"date":"2025-06-01T10:51:10","date_gmt":"2025-06-01T08:51:10","guid":{"rendered":"https:\/\/prideshoppen.no\/?post_type=product&#038;p=5202"},"modified":"2025-12-08T19:11:56","modified_gmt":"2025-12-08T18:11:56","slug":"100-pride-tatoveringer-sett-1","status":"publish","type":"product","link":"https:\/\/lmarsports.com\/test\/pride-tilbehor\/pride-tatoveringer\/100-pride-tatoveringer-sett-1\/","title":{"rendered":"100 pride tatoveringer (sett 1)"},"content":{"rendered":"<p>P\u00e5 utkikk etter en stor pakke med midlertidige pride-tatoveringer? Denne pakken er perfekt for deg som skal g\u00e5 i pride-tog eller ut p\u00e5 fest. Her kan du feste tatoveringer p\u00e5 armene, i ansiktet eller der du m\u00e5tte f\u00f8le for det. Tatoveringene er sk\u00e5nsomme for huden. \ud83c\udf08\u2764\ufe0f<\/p>\n<p>\u00c5 feire pride er s\u00e5 nydelig fordi man feirer at alle skal kunne elske den man vil. Slike pride-tatoveringer som dette er dermed nydelige. P\u00e5 jobb, s\u00e5 kan man for eksempel arrangere dager der man kler seg i pride-kl\u00e6r, og har p\u00e5 ulike <span style=\"color: #3366ff;\"><a style=\"color: #3366ff;\" href=\"https:\/\/lmarsports.com\/test\">pride merch<\/a><\/span>. Tatoveringer er perfekt p\u00e5 slike dager.<\/p>\n<p>Det \u00e5 vise st\u00f8tte til skeive, og retten til \u00e5 elske den man vil er viktig. For vi m\u00e5 aldri ta for gitt de rettighetene vi har opparbeidet i Norge. I flere land, s\u00e5 har ikke skeive muligheten til \u00e5 vise kj\u00e6rlighet til den de elsker. Det er rett og slett forbudt. Derfor er det ekstra viktig at vi i Norge viser st\u00f8tte til LHBT+-bevegelsen. Det kan gi stor motivasjon til skeive i land der de ikke har lov \u00e5 vise hvem de elsker. \ud83c\udf08\u2764\ufe0f<\/p>\n<p>Som du ser p\u00e5 bildet, s\u00e5 er det ganske mange forskjellige pride-tatoveringer. Etter v\u00e5rt syn, s\u00e5 er dette den beste pakken med tatoveringer du f\u00e5r kj\u00f8pt i Norge. Det er alt fra hjerter i pridefarger med og uten tekst, regnbuer, <span style=\"color: #3366ff;\"><a style=\"color: #3366ff;\" href=\"https:\/\/lmarsports.com\/test\/pride-tilbehor\/pride-solbriller\/\">pride solbriller<\/a><\/span>, lepper i pridefarger, teksten &#8220;Love&#8221;, teksten &#8220;Pride&#8221;, note i pridefargene og mye mer. Det skal v\u00e6re fullt mulig \u00e5 finne flere pride tatoveringer her som du vil like.<\/p>\n<p>Kj\u00f8per du disse 100 tatoveringene i dag, s\u00e5 sender vi raskt til deg. V\u00e6r med \u00e5 #St\u00f8ttPride du ogs\u00e5. \ud83c\udf08\u2764\ufe0f<\/p>\n","protected":false},"excerpt":{"rendered":"<p>100 fantastisk flotte pride-tatoveringer som er sk\u00e5nsomme for huden. Mange ulike midlertidige pride-tatoveringer, og vi er sikre p\u00e5 at du vil finne noen du liker. \ud83c\udf08\u2764\ufe0f<\/p>\n","protected":false},"featured_media":5204,"comment_status":"open","ping_status":"closed","template":"","meta":{"inline_featured_image":false},"product_brand":[],"product_cat":[102,155],"product_tag":[],"class_list":{"0":"post-5202","1":"product","2":"type-product","3":"status-publish","4":"has-post-thumbnail","6":"product_cat-pride-tilbehor","7":"product_cat-pride-tatoveringer","8":"col-12 col-sm-6 col-md-4 col-lg-3","10":"first","11":"instock","12":"taxable","13":"shipping-taxable","14":"purchasable","15":"product-type-simple"},"yoast_head":"<!-- This site is optimized with the Yoast SEO plugin v27.5 - https:\/\/yoast.com\/product\/yoast-seo-wordpress\/ -->\n<title>100 pride tatoveringer (sett 1) - Prideshoppen - Pride butikk med kl\u00e6r, merch, flagg og alt til pride<\/title>\n<meta name=\"description\" content=\"100 nydelige pride tatoveringer som kan brukes i pride-tog, p\u00e5 fest eller n\u00e5r som helst du f\u00f8ler for det. Se utvalget av pride-tatoveringer her. \ud83c\udf08\u2764\ufe0f\" \/>\n<meta name=\"robots\" content=\"index, follow, max-snippet:-1, max-image-preview:large, max-video-preview:-1\" \/>\n<link rel=\"canonical\" href=\"https:\/\/lmarsports.com\/test\/pride-tilbehor\/pride-tatoveringer\/100-pride-tatoveringer-sett-1\/\" \/>\n<meta property=\"og:locale\" content=\"nb_NO\" \/>\n<meta property=\"og:type\" content=\"article\" \/>\n<meta property=\"og:title\" content=\"100 pride tatoveringer (sett 1) - Prideshoppen - Pride butikk med kl\u00e6r, merch, flagg og alt til pride\" \/>\n<meta property=\"og:description\" content=\"100 nydelige pride tatoveringer som kan brukes i pride-tog, p\u00e5 fest eller n\u00e5r som helst du f\u00f8ler for det. Se utvalget av pride-tatoveringer her. \ud83c\udf08\u2764\ufe0f\" \/>\n<meta property=\"og:url\" content=\"https:\/\/lmarsports.com\/test\/pride-tilbehor\/pride-tatoveringer\/100-pride-tatoveringer-sett-1\/\" \/>\n<meta property=\"og:site_name\" content=\"Prideshoppen - Pride butikk med kl\u00e6r, merch, flagg og alt til pride\" \/>\n<meta property=\"article:publisher\" content=\"https:\/\/facebook.com\/Prideshoppen\" \/>\n<meta property=\"article:modified_time\" content=\"2025-12-08T18:11:56+00:00\" \/>\n<meta property=\"og:image\" content=\"https:\/\/lmarsports.com\/test\/wp-content\/uploads\/2025\/06\/Pride-tatoveringer-100-stykk.jpg\" \/>\n\t<meta property=\"og:image:width\" content=\"1213\" \/>\n\t<meta property=\"og:image:height\" content=\"756\" \/>\n\t<meta property=\"og:image:type\" content=\"image\/jpeg\" \/>\n<meta name=\"twitter:card\" content=\"summary_large_image\" \/>\n<meta name=\"twitter:label1\" content=\"Ansl. lesetid\" \/>\n\t<meta name=\"twitter:data1\" content=\"2 minutter\" \/>\n<script type=\"application\/ld+json\" class=\"yoast-schema-graph\">{\"@context\":\"https:\\\/\\\/schema.org\",\"@graph\":[{\"@type\":\"WebPage\",\"@id\":\"https:\\\/\\\/lmarsports.com\\\/test\\\/pride-tilbehor\\\/pride-tatoveringer\\\/100-pride-tatoveringer-sett-1\\\/\",\"url\":\"https:\\\/\\\/lmarsports.com\\\/test\\\/pride-tilbehor\\\/pride-tatoveringer\\\/100-pride-tatoveringer-sett-1\\\/\",\"name\":\"100 pride tatoveringer (sett 1) - Prideshoppen - Pride butikk med kl\u00e6r, merch, flagg og alt til pride\",\"isPartOf\":{\"@id\":\"https:\\\/\\\/lmarsports.com\\\/test\\\/#website\"},\"primaryImageOfPage\":{\"@id\":\"https:\\\/\\\/lmarsports.com\\\/test\\\/pride-tilbehor\\\/pride-tatoveringer\\\/100-pride-tatoveringer-sett-1\\\/#primaryimage\"},\"image\":{\"@id\":\"https:\\\/\\\/lmarsports.com\\\/test\\\/pride-tilbehor\\\/pride-tatoveringer\\\/100-pride-tatoveringer-sett-1\\\/#primaryimage\"},\"thumbnailUrl\":\"https:\\\/\\\/lmarsports.com\\\/test\\\/wp-content\\\/uploads\\\/2025\\\/06\\\/Pride-tatoveringer-100-stykk.jpg\",\"datePublished\":\"2025-06-01T08:51:10+00:00\",\"dateModified\":\"2025-12-08T18:11:56+00:00\",\"description\":\"100 nydelige pride tatoveringer som kan brukes i pride-tog, p\u00e5 fest eller n\u00e5r som helst du f\u00f8ler for det. Se utvalget av pride-tatoveringer her. \ud83c\udf08\u2764\ufe0f\",\"breadcrumb\":{\"@id\":\"https:\\\/\\\/lmarsports.com\\\/test\\\/pride-tilbehor\\\/pride-tatoveringer\\\/100-pride-tatoveringer-sett-1\\\/#breadcrumb\"},\"inLanguage\":\"nb-NO\",\"potentialAction\":[{\"@type\":\"ReadAction\",\"target\":[\"https:\\\/\\\/lmarsports.com\\\/test\\\/pride-tilbehor\\\/pride-tatoveringer\\\/100-pride-tatoveringer-sett-1\\\/\"]}]},{\"@type\":\"ImageObject\",\"inLanguage\":\"nb-NO\",\"@id\":\"https:\\\/\\\/lmarsports.com\\\/test\\\/pride-tilbehor\\\/pride-tatoveringer\\\/100-pride-tatoveringer-sett-1\\\/#primaryimage\",\"url\":\"https:\\\/\\\/lmarsports.com\\\/test\\\/wp-content\\\/uploads\\\/2025\\\/06\\\/Pride-tatoveringer-100-stykk.jpg\",\"contentUrl\":\"https:\\\/\\\/lmarsports.com\\\/test\\\/wp-content\\\/uploads\\\/2025\\\/06\\\/Pride-tatoveringer-100-stykk.jpg\",\"width\":1213,\"height\":756,\"caption\":\"Nydelige pride-tatoveringer, totalt 100 forskjellige.\"},{\"@type\":\"BreadcrumbList\",\"@id\":\"https:\\\/\\\/lmarsports.com\\\/test\\\/pride-tilbehor\\\/pride-tatoveringer\\\/100-pride-tatoveringer-sett-1\\\/#breadcrumb\",\"itemListElement\":[{\"@type\":\"ListItem\",\"position\":1,\"name\":\"Hjem\",\"item\":\"https:\\\/\\\/lmarsports.com\\\/test\\\/\"},{\"@type\":\"ListItem\",\"position\":2,\"name\":\"Butikk\",\"item\":\"https:\\\/\\\/lmarsports.com\\\/test\\\/butikk\\\/\"},{\"@type\":\"ListItem\",\"position\":3,\"name\":\"100 pride tatoveringer (sett 1)\"}]},{\"@type\":\"WebSite\",\"@id\":\"https:\\\/\\\/lmarsports.com\\\/test\\\/#website\",\"url\":\"https:\\\/\\\/lmarsports.com\\\/test\\\/\",\"name\":\"Prideshoppen - Pride butikk med kl\u00e6r og merch\",\"description\":\"Pride er for alle\",\"publisher\":{\"@id\":\"https:\\\/\\\/lmarsports.com\\\/test\\\/#organization\"},\"potentialAction\":[{\"@type\":\"SearchAction\",\"target\":{\"@type\":\"EntryPoint\",\"urlTemplate\":\"https:\\\/\\\/lmarsports.com\\\/test\\\/?s={search_term_string}\"},\"query-input\":{\"@type\":\"PropertyValueSpecification\",\"valueRequired\":true,\"valueName\":\"search_term_string\"}}],\"inLanguage\":\"nb-NO\"},{\"@type\":\"Organization\",\"@id\":\"https:\\\/\\\/lmarsports.com\\\/test\\\/#organization\",\"name\":\"Prideshoppen - Pride butikk med kl\u00e6r og merch\",\"url\":\"https:\\\/\\\/lmarsports.com\\\/test\\\/\",\"logo\":{\"@type\":\"ImageObject\",\"inLanguage\":\"nb-NO\",\"@id\":\"https:\\\/\\\/lmarsports.com\\\/test\\\/#\\\/schema\\\/logo\\\/image\\\/\",\"url\":\"https:\\\/\\\/lmarsports.com\\\/test\\\/wp-content\\\/uploads\\\/2024\\\/09\\\/Prideshoppen-_logo_black.jpg\",\"contentUrl\":\"https:\\\/\\\/lmarsports.com\\\/test\\\/wp-content\\\/uploads\\\/2024\\\/09\\\/Prideshoppen-_logo_black.jpg\",\"width\":2185,\"height\":596,\"caption\":\"Prideshoppen - Pride butikk med kl\u00e6r og merch\"},\"image\":{\"@id\":\"https:\\\/\\\/lmarsports.com\\\/test\\\/#\\\/schema\\\/logo\\\/image\\\/\"},\"sameAs\":[\"https:\\\/\\\/facebook.com\\\/Prideshoppen\"]}]}<\/script>\n<!-- \/ Yoast SEO plugin. -->","yoast_head_json":{"title":"100 pride tatoveringer (sett 1) - Prideshoppen - Pride butikk med kl\u00e6r, merch, flagg og alt til pride","description":"100 nydelige pride tatoveringer som kan brukes i pride-tog, p\u00e5 fest eller n\u00e5r som helst du f\u00f8ler for det. Se utvalget av pride-tatoveringer her. \ud83c\udf08\u2764\ufe0f","robots":{"index":"index","follow":"follow","max-snippet":"max-snippet:-1","max-image-preview":"max-image-preview:large","max-video-preview":"max-video-preview:-1"},"canonical":"https:\/\/lmarsports.com\/test\/pride-tilbehor\/pride-tatoveringer\/100-pride-tatoveringer-sett-1\/","og_locale":"nb_NO","og_type":"article","og_title":"100 pride tatoveringer (sett 1) - Prideshoppen - Pride butikk med kl\u00e6r, merch, flagg og alt til pride","og_description":"100 nydelige pride tatoveringer som kan brukes i pride-tog, p\u00e5 fest eller n\u00e5r som helst du f\u00f8ler for det. Se utvalget av pride-tatoveringer her. \ud83c\udf08\u2764\ufe0f","og_url":"https:\/\/lmarsports.com\/test\/pride-tilbehor\/pride-tatoveringer\/100-pride-tatoveringer-sett-1\/","og_site_name":"Prideshoppen - Pride butikk med kl\u00e6r, merch, flagg og alt til pride","article_publisher":"https:\/\/facebook.com\/Prideshoppen","article_modified_time":"2025-12-08T18:11:56+00:00","og_image":[{"width":1213,"height":756,"url":"https:\/\/lmarsports.com\/test\/wp-content\/uploads\/2025\/06\/Pride-tatoveringer-100-stykk.jpg","type":"image\/jpeg"}],"twitter_card":"summary_large_image","twitter_misc":{"Ansl. lesetid":"2 minutter"},"schema":{"@context":"https:\/\/schema.org","@graph":[{"@type":"WebPage","@id":"https:\/\/lmarsports.com\/test\/pride-tilbehor\/pride-tatoveringer\/100-pride-tatoveringer-sett-1\/","url":"https:\/\/lmarsports.com\/test\/pride-tilbehor\/pride-tatoveringer\/100-pride-tatoveringer-sett-1\/","name":"100 pride tatoveringer (sett 1) - Prideshoppen - Pride butikk med kl\u00e6r, merch, flagg og alt til pride","isPartOf":{"@id":"https:\/\/lmarsports.com\/test\/#website"},"primaryImageOfPage":{"@id":"https:\/\/lmarsports.com\/test\/pride-tilbehor\/pride-tatoveringer\/100-pride-tatoveringer-sett-1\/#primaryimage"},"image":{"@id":"https:\/\/lmarsports.com\/test\/pride-tilbehor\/pride-tatoveringer\/100-pride-tatoveringer-sett-1\/#primaryimage"},"thumbnailUrl":"https:\/\/lmarsports.com\/test\/wp-content\/uploads\/2025\/06\/Pride-tatoveringer-100-stykk.jpg","datePublished":"2025-06-01T08:51:10+00:00","dateModified":"2025-12-08T18:11:56+00:00","description":"100 nydelige pride tatoveringer som kan brukes i pride-tog, p\u00e5 fest eller n\u00e5r som helst du f\u00f8ler for det. Se utvalget av pride-tatoveringer her. \ud83c\udf08\u2764\ufe0f","breadcrumb":{"@id":"https:\/\/lmarsports.com\/test\/pride-tilbehor\/pride-tatoveringer\/100-pride-tatoveringer-sett-1\/#breadcrumb"},"inLanguage":"nb-NO","potentialAction":[{"@type":"ReadAction","target":["https:\/\/lmarsports.com\/test\/pride-tilbehor\/pride-tatoveringer\/100-pride-tatoveringer-sett-1\/"]}]},{"@type":"ImageObject","inLanguage":"nb-NO","@id":"https:\/\/lmarsports.com\/test\/pride-tilbehor\/pride-tatoveringer\/100-pride-tatoveringer-sett-1\/#primaryimage","url":"https:\/\/lmarsports.com\/test\/wp-content\/uploads\/2025\/06\/Pride-tatoveringer-100-stykk.jpg","contentUrl":"https:\/\/lmarsports.com\/test\/wp-content\/uploads\/2025\/06\/Pride-tatoveringer-100-stykk.jpg","width":1213,"height":756,"caption":"Nydelige pride-tatoveringer, totalt 100 forskjellige."},{"@type":"BreadcrumbList","@id":"https:\/\/lmarsports.com\/test\/pride-tilbehor\/pride-tatoveringer\/100-pride-tatoveringer-sett-1\/#breadcrumb","itemListElement":[{"@type":"ListItem","position":1,"name":"Hjem","item":"https:\/\/lmarsports.com\/test\/"},{"@type":"ListItem","position":2,"name":"Butikk","item":"https:\/\/lmarsports.com\/test\/butikk\/"},{"@type":"ListItem","position":3,"name":"100 pride tatoveringer (sett 1)"}]},{"@type":"WebSite","@id":"https:\/\/lmarsports.com\/test\/#website","url":"https:\/\/lmarsports.com\/test\/","name":"Prideshoppen - Pride butikk med kl\u00e6r og merch","description":"Pride er for alle","publisher":{"@id":"https:\/\/lmarsports.com\/test\/#organization"},"potentialAction":[{"@type":"SearchAction","target":{"@type":"EntryPoint","urlTemplate":"https:\/\/lmarsports.com\/test\/?s={search_term_string}"},"query-input":{"@type":"PropertyValueSpecification","valueRequired":true,"valueName":"search_term_string"}}],"inLanguage":"nb-NO"},{"@type":"Organization","@id":"https:\/\/lmarsports.com\/test\/#organization","name":"Prideshoppen - Pride butikk med kl\u00e6r og merch","url":"https:\/\/lmarsports.com\/test\/","logo":{"@type":"ImageObject","inLanguage":"nb-NO","@id":"https:\/\/lmarsports.com\/test\/#\/schema\/logo\/image\/","url":"https:\/\/lmarsports.com\/test\/wp-content\/uploads\/2024\/09\/Prideshoppen-_logo_black.jpg","contentUrl":"https:\/\/lmarsports.com\/test\/wp-content\/uploads\/2024\/09\/Prideshoppen-_logo_black.jpg","width":2185,"height":596,"caption":"Prideshoppen - Pride butikk med kl\u00e6r og merch"},"image":{"@id":"https:\/\/lmarsports.com\/test\/#\/schema\/logo\/image\/"},"sameAs":["https:\/\/facebook.com\/Prideshoppen"]}]}},"_links":{"self":[{"href":"https:\/\/lmarsports.com\/test\/wp-json\/wp\/v2\/product\/5202","targetHints":{"allow":["GET"]}}],"collection":[{"href":"https:\/\/lmarsports.com\/test\/wp-json\/wp\/v2\/product"}],"about":[{"href":"https:\/\/lmarsports.com\/test\/wp-json\/wp\/v2\/types\/product"}],"replies":[{"embeddable":true,"href":"https:\/\/lmarsports.com\/test\/wp-json\/wp\/v2\/comments?post=5202"}],"wp:featuredmedia":[{"embeddable":true,"href":"https:\/\/lmarsports.com\/test\/wp-json\/wp\/v2\/media\/5204"}],"wp:attachment":[{"href":"https:\/\/lmarsports.com\/test\/wp-json\/wp\/v2\/media?parent=5202"}],"wp:term":[{"taxonomy":"product_brand","embeddable":true,"href":"https:\/\/lmarsports.com\/test\/wp-json\/wp\/v2\/product_brand?post=5202"},{"taxonomy":"product_cat","embeddable":true,"href":"https:\/\/lmarsports.com\/test\/wp-json\/wp\/v2\/product_cat?post=5202"},{"taxonomy":"product_tag","embeddable":true,"href":"https:\/\/lmarsports.com\/test\/wp-json\/wp\/v2\/product_tag?post=5202"}],"curies":[{"name":"wp","href":"https:\/\/api.w.org\/{rel}","templated":true}]}}