{"id":5075,"date":"2025-06-01T10:13:32","date_gmt":"2025-06-01T08:13:32","guid":{"rendered":"https:\/\/prideshoppen.no\/?post_type=product&#038;p=5075"},"modified":"2026-04-23T22:19:52","modified_gmt":"2026-04-23T20:19:52","slug":"im-not-gay-im-super-gay-t-skjorte","status":"publish","type":"product","link":"https:\/\/lmarsports.com\/test\/pride-klaer\/pride-t-skjorter\/im-not-gay-im-super-gay-t-skjorte\/","title":{"rendered":"I&#8217;m not gay I&#8217;m super gay t-skjorte"},"content":{"rendered":"<p>Nydelig pride t-skjorte i 100 % bomull med trykk b\u00e5de foran og bak. P\u00e5 forsiden st\u00e5r det &#8220;I&#8217;m not gay. I&#8217;m super gay&#8221;. P\u00e5 baksiden st\u00e5r det: &#8220;Say gay, say trans, say love, say equality&#8221;. Et fantastisk vakkert budskap, og du skal v\u00e6re stolt av \u00e5 v\u00e6re en slik t-skjorte som dette. \ud83c\udf08\u2764\ufe0f<\/p>\n<p>Denne pride t-skjorten er fin \u00e5 bruke i hverdagen, men du kan ogs\u00e5 g\u00e5 med den i pride-tog eller p\u00e5 jobb. Alt er opp til deg. Vi st\u00f8tter deg i \u00e5 b\u00e6re denne stilige pride t-skjorten. Vi er godt forn\u00f8yd med \u00e5 v\u00e6re eneste butikk i Norge som har denne t-skjorten. Du kommer til \u00e5 kle den, og du vil ikke se s\u00e5 mange andre med akkurat denne modellen.<\/p>\n<p>100 % bomull gj\u00f8r at den puster mye bedre enn om den skulle v\u00e6rt laget av polyester.<\/p>\n<p><span style=\"color: #3366ff;\"><a style=\"color: #3366ff;\" href=\"https:\/\/lmarsports.com\/test\/pride-klaer\/\">Se mere pride-kl\u00e6r her<\/a><\/span><\/p>\n<p>N\u00e5r kan du bruke denne pride t-skjorten? Det bestemmer du selvf\u00f8lgelig helt selv, og vi mener at du kan bruke den n\u00e5r som helst. Her er likevel noen forslag til n\u00e5r du kan bruke den:<\/p>\n<ul>\n<li>Til hverdags<\/li>\n<li>P\u00e5 skolen<\/li>\n<li>Fest<\/li>\n<li>P\u00e5 jobb<\/li>\n<li>Pride-tog<\/li>\n<\/ul>\n<p>Budskapet p\u00e5 t-skjorten er bare helt nydelig, og vi h\u00e5per du kommer til \u00e5 like denne t-skjorten like godt som vi gj\u00f8r. \ud83c\udf08\u2764\ufe0f<\/p>\n<p>NB: Vi anbefaler \u00e5 bestille cirka en st\u00f8rrelse st\u00f8rre enn du vanligvis bruker.<\/p>\n<p>Kj\u00f8per du denne pride t-skjorten i dag, s\u00e5 sender vi raskt til deg. V\u00e6r med \u00e5 #St\u00f8ttPride du ogs\u00e5. \ud83c\udf08\u2764\ufe0f<\/p>\n","protected":false},"excerpt":{"rendered":"<p>Nydelig t-skjorte i 100 % bomull med tekst b\u00e5de forh\u00e5nd og bak. P\u00e5 forsiden av t-skjorten st\u00e5r det &#8220;I&#8217;m not gay. I&#8217;m super gay&#8221;. P\u00e5 baksiden av t-skjorten st\u00e5r det: Say gay, say trans, say love, say equality. Et vakkert budskap. \ud83c\udf08\u2764\ufe0f<\/p>\n<p>NB: Vi anbefaler \u00e5 bestille cirka en st\u00f8rrelse st\u00f8rre enn du vanligvis bruker.<\/p>\n","protected":false},"featured_media":5076,"comment_status":"open","ping_status":"closed","template":"","meta":{"inline_featured_image":false},"product_brand":[],"product_cat":[109,121],"product_tag":[],"class_list":{"0":"post-5075","1":"product","2":"type-product","3":"status-publish","4":"has-post-thumbnail","6":"product_cat-pride-klaer","7":"product_cat-pride-t-skjorter","8":"col-12 col-sm-6 col-md-4 col-lg-3","10":"first","11":"instock","12":"sale","13":"taxable","14":"shipping-taxable","15":"purchasable","16":"product-type-variable"},"yoast_head":"<!-- This site is optimized with the Yoast SEO plugin v27.5 - https:\/\/yoast.com\/product\/yoast-seo-wordpress\/ -->\n<title>I&#039;m not gay I&#039;m super gay t-skjorte - Prideshoppen - Pride butikk med kl\u00e6r, merch, flagg og alt til pride<\/title>\n<meta name=\"description\" content=\"Nydelig pride t-skjorte med teksten &quot;I&#039;m not gay. I&#039;m super gay&quot;. Den har tekst p\u00e5 baksiden ogs\u00e5. Se utvalget p\u00e5 Prideshoppen.no. \ud83c\udf08\u2764\ufe0f\" \/>\n<meta name=\"robots\" content=\"index, follow, max-snippet:-1, max-image-preview:large, max-video-preview:-1\" \/>\n<link rel=\"canonical\" href=\"https:\/\/lmarsports.com\/test\/pride-klaer\/pride-t-skjorter\/im-not-gay-im-super-gay-t-skjorte\/\" \/>\n<meta property=\"og:locale\" content=\"nb_NO\" \/>\n<meta property=\"og:type\" content=\"article\" \/>\n<meta property=\"og:title\" content=\"I&#039;m not gay I&#039;m super gay t-skjorte - Prideshoppen - Pride butikk med kl\u00e6r, merch, flagg og alt til pride\" \/>\n<meta property=\"og:description\" content=\"Nydelig pride t-skjorte med teksten &quot;I&#039;m not gay. I&#039;m super gay&quot;. Den har tekst p\u00e5 baksiden ogs\u00e5. Se utvalget p\u00e5 Prideshoppen.no. \ud83c\udf08\u2764\ufe0f\" \/>\n<meta property=\"og:url\" content=\"https:\/\/lmarsports.com\/test\/pride-klaer\/pride-t-skjorter\/im-not-gay-im-super-gay-t-skjorte\/\" \/>\n<meta property=\"og:site_name\" content=\"Prideshoppen - Pride butikk med kl\u00e6r, merch, flagg og alt til pride\" \/>\n<meta property=\"article:publisher\" content=\"https:\/\/facebook.com\/Prideshoppen\" \/>\n<meta property=\"article:modified_time\" content=\"2026-04-23T20:19:52+00:00\" \/>\n<meta property=\"og:image\" content=\"https:\/\/lmarsports.com\/test\/wp-content\/uploads\/2025\/05\/Im-not-gay-Im-super-gay-Forside.jpg\" \/>\n\t<meta property=\"og:image:width\" content=\"918\" \/>\n\t<meta property=\"og:image:height\" content=\"862\" \/>\n\t<meta property=\"og:image:type\" content=\"image\/jpeg\" \/>\n<meta name=\"twitter:card\" content=\"summary_large_image\" \/>\n<meta name=\"twitter:label1\" content=\"Ansl. lesetid\" \/>\n\t<meta name=\"twitter:data1\" content=\"2 minutter\" \/>\n<script type=\"application\/ld+json\" class=\"yoast-schema-graph\">{\"@context\":\"https:\\\/\\\/schema.org\",\"@graph\":[{\"@type\":\"WebPage\",\"@id\":\"https:\\\/\\\/lmarsports.com\\\/test\\\/pride-klaer\\\/pride-t-skjorter\\\/im-not-gay-im-super-gay-t-skjorte\\\/\",\"url\":\"https:\\\/\\\/lmarsports.com\\\/test\\\/pride-klaer\\\/pride-t-skjorter\\\/im-not-gay-im-super-gay-t-skjorte\\\/\",\"name\":\"I'm not gay I'm super gay t-skjorte - Prideshoppen - Pride butikk med kl\u00e6r, merch, flagg og alt til pride\",\"isPartOf\":{\"@id\":\"https:\\\/\\\/lmarsports.com\\\/test\\\/#website\"},\"primaryImageOfPage\":{\"@id\":\"https:\\\/\\\/lmarsports.com\\\/test\\\/pride-klaer\\\/pride-t-skjorter\\\/im-not-gay-im-super-gay-t-skjorte\\\/#primaryimage\"},\"image\":{\"@id\":\"https:\\\/\\\/lmarsports.com\\\/test\\\/pride-klaer\\\/pride-t-skjorter\\\/im-not-gay-im-super-gay-t-skjorte\\\/#primaryimage\"},\"thumbnailUrl\":\"https:\\\/\\\/lmarsports.com\\\/test\\\/wp-content\\\/uploads\\\/2025\\\/05\\\/Im-not-gay-Im-super-gay-Forside.jpg\",\"datePublished\":\"2025-06-01T08:13:32+00:00\",\"dateModified\":\"2026-04-23T20:19:52+00:00\",\"description\":\"Nydelig pride t-skjorte med teksten \\\"I'm not gay. I'm super gay\\\". Den har tekst p\u00e5 baksiden ogs\u00e5. Se utvalget p\u00e5 Prideshoppen.no. \ud83c\udf08\u2764\ufe0f\",\"breadcrumb\":{\"@id\":\"https:\\\/\\\/lmarsports.com\\\/test\\\/pride-klaer\\\/pride-t-skjorter\\\/im-not-gay-im-super-gay-t-skjorte\\\/#breadcrumb\"},\"inLanguage\":\"nb-NO\",\"potentialAction\":[{\"@type\":\"ReadAction\",\"target\":[\"https:\\\/\\\/lmarsports.com\\\/test\\\/pride-klaer\\\/pride-t-skjorter\\\/im-not-gay-im-super-gay-t-skjorte\\\/\"]}]},{\"@type\":\"ImageObject\",\"inLanguage\":\"nb-NO\",\"@id\":\"https:\\\/\\\/lmarsports.com\\\/test\\\/pride-klaer\\\/pride-t-skjorter\\\/im-not-gay-im-super-gay-t-skjorte\\\/#primaryimage\",\"url\":\"https:\\\/\\\/lmarsports.com\\\/test\\\/wp-content\\\/uploads\\\/2025\\\/05\\\/Im-not-gay-Im-super-gay-Forside.jpg\",\"contentUrl\":\"https:\\\/\\\/lmarsports.com\\\/test\\\/wp-content\\\/uploads\\\/2025\\\/05\\\/Im-not-gay-Im-super-gay-Forside.jpg\",\"width\":918,\"height\":862,\"caption\":\"Pride t-skjorte med nydelig budskap. Tekst b\u00e5de foran og bak p\u00e5 t-skjorten. \ud83c\udf08\u2764\ufe0f\"},{\"@type\":\"BreadcrumbList\",\"@id\":\"https:\\\/\\\/lmarsports.com\\\/test\\\/pride-klaer\\\/pride-t-skjorter\\\/im-not-gay-im-super-gay-t-skjorte\\\/#breadcrumb\",\"itemListElement\":[{\"@type\":\"ListItem\",\"position\":1,\"name\":\"Hjem\",\"item\":\"https:\\\/\\\/lmarsports.com\\\/test\\\/\"},{\"@type\":\"ListItem\",\"position\":2,\"name\":\"Butikk\",\"item\":\"https:\\\/\\\/lmarsports.com\\\/test\\\/butikk\\\/\"},{\"@type\":\"ListItem\",\"position\":3,\"name\":\"I&#8217;m not gay I&#8217;m super gay t-skjorte\"}]},{\"@type\":\"WebSite\",\"@id\":\"https:\\\/\\\/lmarsports.com\\\/test\\\/#website\",\"url\":\"https:\\\/\\\/lmarsports.com\\\/test\\\/\",\"name\":\"Prideshoppen - Pride butikk med kl\u00e6r og merch\",\"description\":\"Pride er for alle\",\"publisher\":{\"@id\":\"https:\\\/\\\/lmarsports.com\\\/test\\\/#organization\"},\"potentialAction\":[{\"@type\":\"SearchAction\",\"target\":{\"@type\":\"EntryPoint\",\"urlTemplate\":\"https:\\\/\\\/lmarsports.com\\\/test\\\/?s={search_term_string}\"},\"query-input\":{\"@type\":\"PropertyValueSpecification\",\"valueRequired\":true,\"valueName\":\"search_term_string\"}}],\"inLanguage\":\"nb-NO\"},{\"@type\":\"Organization\",\"@id\":\"https:\\\/\\\/lmarsports.com\\\/test\\\/#organization\",\"name\":\"Prideshoppen - Pride butikk med kl\u00e6r og merch\",\"url\":\"https:\\\/\\\/lmarsports.com\\\/test\\\/\",\"logo\":{\"@type\":\"ImageObject\",\"inLanguage\":\"nb-NO\",\"@id\":\"https:\\\/\\\/lmarsports.com\\\/test\\\/#\\\/schema\\\/logo\\\/image\\\/\",\"url\":\"https:\\\/\\\/lmarsports.com\\\/test\\\/wp-content\\\/uploads\\\/2024\\\/09\\\/Prideshoppen-_logo_black.jpg\",\"contentUrl\":\"https:\\\/\\\/lmarsports.com\\\/test\\\/wp-content\\\/uploads\\\/2024\\\/09\\\/Prideshoppen-_logo_black.jpg\",\"width\":2185,\"height\":596,\"caption\":\"Prideshoppen - Pride butikk med kl\u00e6r og merch\"},\"image\":{\"@id\":\"https:\\\/\\\/lmarsports.com\\\/test\\\/#\\\/schema\\\/logo\\\/image\\\/\"},\"sameAs\":[\"https:\\\/\\\/facebook.com\\\/Prideshoppen\"]}]}<\/script>\n<!-- \/ Yoast SEO plugin. -->","yoast_head_json":{"title":"I'm not gay I'm super gay t-skjorte - Prideshoppen - Pride butikk med kl\u00e6r, merch, flagg og alt til pride","description":"Nydelig pride t-skjorte med teksten \"I'm not gay. I'm super gay\". Den har tekst p\u00e5 baksiden ogs\u00e5. Se utvalget p\u00e5 Prideshoppen.no. \ud83c\udf08\u2764\ufe0f","robots":{"index":"index","follow":"follow","max-snippet":"max-snippet:-1","max-image-preview":"max-image-preview:large","max-video-preview":"max-video-preview:-1"},"canonical":"https:\/\/lmarsports.com\/test\/pride-klaer\/pride-t-skjorter\/im-not-gay-im-super-gay-t-skjorte\/","og_locale":"nb_NO","og_type":"article","og_title":"I'm not gay I'm super gay t-skjorte - Prideshoppen - Pride butikk med kl\u00e6r, merch, flagg og alt til pride","og_description":"Nydelig pride t-skjorte med teksten \"I'm not gay. I'm super gay\". Den har tekst p\u00e5 baksiden ogs\u00e5. Se utvalget p\u00e5 Prideshoppen.no. \ud83c\udf08\u2764\ufe0f","og_url":"https:\/\/lmarsports.com\/test\/pride-klaer\/pride-t-skjorter\/im-not-gay-im-super-gay-t-skjorte\/","og_site_name":"Prideshoppen - Pride butikk med kl\u00e6r, merch, flagg og alt til pride","article_publisher":"https:\/\/facebook.com\/Prideshoppen","article_modified_time":"2026-04-23T20:19:52+00:00","og_image":[{"width":918,"height":862,"url":"https:\/\/lmarsports.com\/test\/wp-content\/uploads\/2025\/05\/Im-not-gay-Im-super-gay-Forside.jpg","type":"image\/jpeg"}],"twitter_card":"summary_large_image","twitter_misc":{"Ansl. lesetid":"2 minutter"},"schema":{"@context":"https:\/\/schema.org","@graph":[{"@type":"WebPage","@id":"https:\/\/lmarsports.com\/test\/pride-klaer\/pride-t-skjorter\/im-not-gay-im-super-gay-t-skjorte\/","url":"https:\/\/lmarsports.com\/test\/pride-klaer\/pride-t-skjorter\/im-not-gay-im-super-gay-t-skjorte\/","name":"I'm not gay I'm super gay t-skjorte - Prideshoppen - Pride butikk med kl\u00e6r, merch, flagg og alt til pride","isPartOf":{"@id":"https:\/\/lmarsports.com\/test\/#website"},"primaryImageOfPage":{"@id":"https:\/\/lmarsports.com\/test\/pride-klaer\/pride-t-skjorter\/im-not-gay-im-super-gay-t-skjorte\/#primaryimage"},"image":{"@id":"https:\/\/lmarsports.com\/test\/pride-klaer\/pride-t-skjorter\/im-not-gay-im-super-gay-t-skjorte\/#primaryimage"},"thumbnailUrl":"https:\/\/lmarsports.com\/test\/wp-content\/uploads\/2025\/05\/Im-not-gay-Im-super-gay-Forside.jpg","datePublished":"2025-06-01T08:13:32+00:00","dateModified":"2026-04-23T20:19:52+00:00","description":"Nydelig pride t-skjorte med teksten \"I'm not gay. I'm super gay\". Den har tekst p\u00e5 baksiden ogs\u00e5. Se utvalget p\u00e5 Prideshoppen.no. \ud83c\udf08\u2764\ufe0f","breadcrumb":{"@id":"https:\/\/lmarsports.com\/test\/pride-klaer\/pride-t-skjorter\/im-not-gay-im-super-gay-t-skjorte\/#breadcrumb"},"inLanguage":"nb-NO","potentialAction":[{"@type":"ReadAction","target":["https:\/\/lmarsports.com\/test\/pride-klaer\/pride-t-skjorter\/im-not-gay-im-super-gay-t-skjorte\/"]}]},{"@type":"ImageObject","inLanguage":"nb-NO","@id":"https:\/\/lmarsports.com\/test\/pride-klaer\/pride-t-skjorter\/im-not-gay-im-super-gay-t-skjorte\/#primaryimage","url":"https:\/\/lmarsports.com\/test\/wp-content\/uploads\/2025\/05\/Im-not-gay-Im-super-gay-Forside.jpg","contentUrl":"https:\/\/lmarsports.com\/test\/wp-content\/uploads\/2025\/05\/Im-not-gay-Im-super-gay-Forside.jpg","width":918,"height":862,"caption":"Pride t-skjorte med nydelig budskap. Tekst b\u00e5de foran og bak p\u00e5 t-skjorten. \ud83c\udf08\u2764\ufe0f"},{"@type":"BreadcrumbList","@id":"https:\/\/lmarsports.com\/test\/pride-klaer\/pride-t-skjorter\/im-not-gay-im-super-gay-t-skjorte\/#breadcrumb","itemListElement":[{"@type":"ListItem","position":1,"name":"Hjem","item":"https:\/\/lmarsports.com\/test\/"},{"@type":"ListItem","position":2,"name":"Butikk","item":"https:\/\/lmarsports.com\/test\/butikk\/"},{"@type":"ListItem","position":3,"name":"I&#8217;m not gay I&#8217;m super gay t-skjorte"}]},{"@type":"WebSite","@id":"https:\/\/lmarsports.com\/test\/#website","url":"https:\/\/lmarsports.com\/test\/","name":"Prideshoppen - Pride butikk med kl\u00e6r og merch","description":"Pride er for alle","publisher":{"@id":"https:\/\/lmarsports.com\/test\/#organization"},"potentialAction":[{"@type":"SearchAction","target":{"@type":"EntryPoint","urlTemplate":"https:\/\/lmarsports.com\/test\/?s={search_term_string}"},"query-input":{"@type":"PropertyValueSpecification","valueRequired":true,"valueName":"search_term_string"}}],"inLanguage":"nb-NO"},{"@type":"Organization","@id":"https:\/\/lmarsports.com\/test\/#organization","name":"Prideshoppen - Pride butikk med kl\u00e6r og merch","url":"https:\/\/lmarsports.com\/test\/","logo":{"@type":"ImageObject","inLanguage":"nb-NO","@id":"https:\/\/lmarsports.com\/test\/#\/schema\/logo\/image\/","url":"https:\/\/lmarsports.com\/test\/wp-content\/uploads\/2024\/09\/Prideshoppen-_logo_black.jpg","contentUrl":"https:\/\/lmarsports.com\/test\/wp-content\/uploads\/2024\/09\/Prideshoppen-_logo_black.jpg","width":2185,"height":596,"caption":"Prideshoppen - Pride butikk med kl\u00e6r og merch"},"image":{"@id":"https:\/\/lmarsports.com\/test\/#\/schema\/logo\/image\/"},"sameAs":["https:\/\/facebook.com\/Prideshoppen"]}]}},"_links":{"self":[{"href":"https:\/\/lmarsports.com\/test\/wp-json\/wp\/v2\/product\/5075","targetHints":{"allow":["GET"]}}],"collection":[{"href":"https:\/\/lmarsports.com\/test\/wp-json\/wp\/v2\/product"}],"about":[{"href":"https:\/\/lmarsports.com\/test\/wp-json\/wp\/v2\/types\/product"}],"replies":[{"embeddable":true,"href":"https:\/\/lmarsports.com\/test\/wp-json\/wp\/v2\/comments?post=5075"}],"wp:featuredmedia":[{"embeddable":true,"href":"https:\/\/lmarsports.com\/test\/wp-json\/wp\/v2\/media\/5076"}],"wp:attachment":[{"href":"https:\/\/lmarsports.com\/test\/wp-json\/wp\/v2\/media?parent=5075"}],"wp:term":[{"taxonomy":"product_brand","embeddable":true,"href":"https:\/\/lmarsports.com\/test\/wp-json\/wp\/v2\/product_brand?post=5075"},{"taxonomy":"product_cat","embeddable":true,"href":"https:\/\/lmarsports.com\/test\/wp-json\/wp\/v2\/product_cat?post=5075"},{"taxonomy":"product_tag","embeddable":true,"href":"https:\/\/lmarsports.com\/test\/wp-json\/wp\/v2\/product_tag?post=5075"}],"curies":[{"name":"wp","href":"https:\/\/api.w.org\/{rel}","templated":true}]}}