{"id":4889,"date":"2025-05-10T22:23:18","date_gmt":"2025-05-10T20:23:18","guid":{"rendered":"https:\/\/prideshoppen.no\/?post_type=product&#038;p=4889"},"modified":"2025-05-10T22:23:19","modified_gmt":"2025-05-10T20:23:19","slug":"pride-smiley-broderi-svart-kant","status":"publish","type":"product","link":"https:\/\/lmarsports.com\/test\/pride-tilbehor\/pride-broderier\/pride-smiley-broderi-svart-kant\/","title":{"rendered":"Pride smiley broderi svart kant"},"content":{"rendered":"<p>Pride smiley med svart kant er et flott broderi som du kan feste p\u00e5 kl\u00e6r. Dette er ett av over 20 ulike broderier vi har til salgs p\u00e5 <span style=\"color: #3366ff;\"><a style=\"color: #3366ff;\" href=\"https:\/\/lmarsports.com\/test\">Prideshoppen.no<\/a><\/span>. Vil du vise din st\u00f8tte til LGBTQ+-samfunnet, s\u00e5 er denne pride smilyen perfekt til \u00e5 feste p\u00e5 kl\u00e6r. Det er lim p\u00e5 baksiden som gj\u00f8r det enkelt \u00e5 feste p\u00e5 kl\u00e6r. \ud83c\udf08\u2764\ufe0f<\/p>\n<p>Enkelt forklart, s\u00e5 er dette en brodert lapp med lim p\u00e5 baksiden. Siden det er lim p\u00e5 baksiden av pride smilyen, s\u00e5 kan du enkelt stryke den p\u00e5 kl\u00e6r. N\u00e5r du skal stryke den fast p\u00e5 kl\u00e6r, s\u00e5 bruker du et strykejern. Det er billigere \u00e5 feste pride-broderier p\u00e5 kl\u00e6r du allerede har, enn \u00e5 m\u00e5tte kj\u00f8pe nye kl\u00e6r. Det er ogs\u00e5 mer milj\u00f8vennlig \u00e5 bruke kl\u00e6r du allerede har. \u267b\ufe0f<\/p>\n<p>\u00c5 feste broderier p\u00e5 kl\u00e6r har en lang historie. I dag er det et godt alternativ n\u00e5r du skal vise fram et budskap p\u00e5 kl\u00e6r. Hva er vel finere enn at du fester et pride-budskap p\u00e5 dine kl\u00e6r, som en smiley? \ud83c\udf08\u2764\ufe0f<\/p>\n<p>Kj\u00f8p dette pride smilye-broderiet i dag, s\u00e5 sender vi raskt til deg.<\/p>\n","protected":false},"excerpt":{"rendered":"<p>Nydelig pride smiley broderi. Festes enkelt p\u00e5 dine kl\u00e6r med strykejern. \ud83c\udf08\u2764\ufe0f<\/p>\n","protected":false},"featured_media":4890,"comment_status":"open","ping_status":"closed","template":"","meta":{"inline_featured_image":false},"product_brand":[],"product_cat":[102,132],"product_tag":[],"class_list":{"0":"post-4889","1":"product","2":"type-product","3":"status-publish","4":"has-post-thumbnail","6":"product_cat-pride-tilbehor","7":"product_cat-pride-broderier","8":"col-12 col-sm-6 col-md-4 col-lg-3","10":"first","11":"instock","12":"taxable","13":"shipping-taxable","14":"purchasable","15":"product-type-simple"},"yoast_head":"<!-- This site is optimized with the Yoast SEO plugin v27.5 - https:\/\/yoast.com\/product\/yoast-seo-wordpress\/ -->\n<title>Pride smiley broderi svart kant - Prideshoppen - Pride butikk med kl\u00e6r, merch, flagg og alt til pride<\/title>\n<meta name=\"description\" content=\"En s\u00f8t smiley i pridefargene. Broderiet kan enkelt festes p\u00e5 kl\u00e6r, siden det er lim p\u00e5 baksiden. Bes\u00f8k Prideshoppen for \u00e5 se de over 20 ulike broderiene.\" \/>\n<meta name=\"robots\" content=\"index, follow, max-snippet:-1, max-image-preview:large, max-video-preview:-1\" \/>\n<link rel=\"canonical\" href=\"https:\/\/lmarsports.com\/test\/pride-tilbehor\/pride-smiley-broderi-svart-kant\/\" \/>\n<meta property=\"og:locale\" content=\"nb_NO\" \/>\n<meta property=\"og:type\" content=\"article\" \/>\n<meta property=\"og:title\" content=\"Pride smiley broderi svart kant - Prideshoppen - Pride butikk med kl\u00e6r, merch, flagg og alt til pride\" \/>\n<meta property=\"og:description\" content=\"En s\u00f8t smiley i pridefargene. Broderiet kan enkelt festes p\u00e5 kl\u00e6r, siden det er lim p\u00e5 baksiden. Bes\u00f8k Prideshoppen for \u00e5 se de over 20 ulike broderiene.\" \/>\n<meta property=\"og:url\" content=\"https:\/\/lmarsports.com\/test\/pride-tilbehor\/pride-smiley-broderi-svart-kant\/\" \/>\n<meta property=\"og:site_name\" content=\"Prideshoppen - Pride butikk med kl\u00e6r, merch, flagg og alt til pride\" \/>\n<meta property=\"article:publisher\" content=\"https:\/\/facebook.com\/Prideshoppen\" \/>\n<meta property=\"article:modified_time\" content=\"2025-05-10T20:23:19+00:00\" \/>\n<meta property=\"og:image\" content=\"https:\/\/lmarsports.com\/test\/wp-content\/uploads\/2025\/04\/Pride-smiley-svart-broderi.jpg\" \/>\n\t<meta property=\"og:image:width\" content=\"280\" \/>\n\t<meta property=\"og:image:height\" content=\"242\" \/>\n\t<meta property=\"og:image:type\" content=\"image\/jpeg\" \/>\n<meta name=\"twitter:card\" content=\"summary_large_image\" \/>\n<meta name=\"twitter:label1\" content=\"Ansl. lesetid\" \/>\n\t<meta name=\"twitter:data1\" content=\"2 minutter\" \/>\n<script type=\"application\/ld+json\" class=\"yoast-schema-graph\">{\"@context\":\"https:\\\/\\\/schema.org\",\"@graph\":[{\"@type\":\"WebPage\",\"@id\":\"https:\\\/\\\/lmarsports.com\\\/test\\\/pride-tilbehor\\\/pride-smiley-broderi-svart-kant\\\/\",\"url\":\"https:\\\/\\\/lmarsports.com\\\/test\\\/pride-tilbehor\\\/pride-smiley-broderi-svart-kant\\\/\",\"name\":\"Pride smiley broderi svart kant - Prideshoppen - Pride butikk med kl\u00e6r, merch, flagg og alt til pride\",\"isPartOf\":{\"@id\":\"https:\\\/\\\/lmarsports.com\\\/test\\\/#website\"},\"primaryImageOfPage\":{\"@id\":\"https:\\\/\\\/lmarsports.com\\\/test\\\/pride-tilbehor\\\/pride-smiley-broderi-svart-kant\\\/#primaryimage\"},\"image\":{\"@id\":\"https:\\\/\\\/lmarsports.com\\\/test\\\/pride-tilbehor\\\/pride-smiley-broderi-svart-kant\\\/#primaryimage\"},\"thumbnailUrl\":\"https:\\\/\\\/lmarsports.com\\\/test\\\/wp-content\\\/uploads\\\/2025\\\/04\\\/Pride-smiley-svart-broderi.jpg\",\"datePublished\":\"2025-05-10T20:23:18+00:00\",\"dateModified\":\"2025-05-10T20:23:19+00:00\",\"description\":\"En s\u00f8t smiley i pridefargene. Broderiet kan enkelt festes p\u00e5 kl\u00e6r, siden det er lim p\u00e5 baksiden. Bes\u00f8k Prideshoppen for \u00e5 se de over 20 ulike broderiene.\",\"breadcrumb\":{\"@id\":\"https:\\\/\\\/lmarsports.com\\\/test\\\/pride-tilbehor\\\/pride-smiley-broderi-svart-kant\\\/#breadcrumb\"},\"inLanguage\":\"nb-NO\",\"potentialAction\":[{\"@type\":\"ReadAction\",\"target\":[\"https:\\\/\\\/lmarsports.com\\\/test\\\/pride-tilbehor\\\/pride-smiley-broderi-svart-kant\\\/\"]}]},{\"@type\":\"ImageObject\",\"inLanguage\":\"nb-NO\",\"@id\":\"https:\\\/\\\/lmarsports.com\\\/test\\\/pride-tilbehor\\\/pride-smiley-broderi-svart-kant\\\/#primaryimage\",\"url\":\"https:\\\/\\\/lmarsports.com\\\/test\\\/wp-content\\\/uploads\\\/2025\\\/04\\\/Pride-smiley-svart-broderi.jpg\",\"contentUrl\":\"https:\\\/\\\/lmarsports.com\\\/test\\\/wp-content\\\/uploads\\\/2025\\\/04\\\/Pride-smiley-svart-broderi.jpg\",\"width\":280,\"height\":242,\"caption\":\"Pride smiley broderi med svart kant. Nydelig med pridefargene, og kan enkelt festes p\u00e5 kl\u00e6r siden den har lim p\u00e5 baksiden.\"},{\"@type\":\"BreadcrumbList\",\"@id\":\"https:\\\/\\\/lmarsports.com\\\/test\\\/pride-tilbehor\\\/pride-smiley-broderi-svart-kant\\\/#breadcrumb\",\"itemListElement\":[{\"@type\":\"ListItem\",\"position\":1,\"name\":\"Hjem\",\"item\":\"https:\\\/\\\/lmarsports.com\\\/test\\\/\"},{\"@type\":\"ListItem\",\"position\":2,\"name\":\"Butikk\",\"item\":\"https:\\\/\\\/lmarsports.com\\\/test\\\/butikk\\\/\"},{\"@type\":\"ListItem\",\"position\":3,\"name\":\"Pride smiley broderi svart kant\"}]},{\"@type\":\"WebSite\",\"@id\":\"https:\\\/\\\/lmarsports.com\\\/test\\\/#website\",\"url\":\"https:\\\/\\\/lmarsports.com\\\/test\\\/\",\"name\":\"Prideshoppen - Pride butikk med kl\u00e6r og merch\",\"description\":\"Pride er for alle\",\"publisher\":{\"@id\":\"https:\\\/\\\/lmarsports.com\\\/test\\\/#organization\"},\"potentialAction\":[{\"@type\":\"SearchAction\",\"target\":{\"@type\":\"EntryPoint\",\"urlTemplate\":\"https:\\\/\\\/lmarsports.com\\\/test\\\/?s={search_term_string}\"},\"query-input\":{\"@type\":\"PropertyValueSpecification\",\"valueRequired\":true,\"valueName\":\"search_term_string\"}}],\"inLanguage\":\"nb-NO\"},{\"@type\":\"Organization\",\"@id\":\"https:\\\/\\\/lmarsports.com\\\/test\\\/#organization\",\"name\":\"Prideshoppen - Pride butikk med kl\u00e6r og merch\",\"url\":\"https:\\\/\\\/lmarsports.com\\\/test\\\/\",\"logo\":{\"@type\":\"ImageObject\",\"inLanguage\":\"nb-NO\",\"@id\":\"https:\\\/\\\/lmarsports.com\\\/test\\\/#\\\/schema\\\/logo\\\/image\\\/\",\"url\":\"https:\\\/\\\/lmarsports.com\\\/test\\\/wp-content\\\/uploads\\\/2024\\\/09\\\/Prideshoppen-_logo_black.jpg\",\"contentUrl\":\"https:\\\/\\\/lmarsports.com\\\/test\\\/wp-content\\\/uploads\\\/2024\\\/09\\\/Prideshoppen-_logo_black.jpg\",\"width\":2185,\"height\":596,\"caption\":\"Prideshoppen - Pride butikk med kl\u00e6r og merch\"},\"image\":{\"@id\":\"https:\\\/\\\/lmarsports.com\\\/test\\\/#\\\/schema\\\/logo\\\/image\\\/\"},\"sameAs\":[\"https:\\\/\\\/facebook.com\\\/Prideshoppen\"]}]}<\/script>\n<!-- \/ Yoast SEO plugin. -->","yoast_head_json":{"title":"Pride smiley broderi svart kant - Prideshoppen - Pride butikk med kl\u00e6r, merch, flagg og alt til pride","description":"En s\u00f8t smiley i pridefargene. Broderiet kan enkelt festes p\u00e5 kl\u00e6r, siden det er lim p\u00e5 baksiden. Bes\u00f8k Prideshoppen for \u00e5 se de over 20 ulike broderiene.","robots":{"index":"index","follow":"follow","max-snippet":"max-snippet:-1","max-image-preview":"max-image-preview:large","max-video-preview":"max-video-preview:-1"},"canonical":"https:\/\/lmarsports.com\/test\/pride-tilbehor\/pride-smiley-broderi-svart-kant\/","og_locale":"nb_NO","og_type":"article","og_title":"Pride smiley broderi svart kant - Prideshoppen - Pride butikk med kl\u00e6r, merch, flagg og alt til pride","og_description":"En s\u00f8t smiley i pridefargene. Broderiet kan enkelt festes p\u00e5 kl\u00e6r, siden det er lim p\u00e5 baksiden. Bes\u00f8k Prideshoppen for \u00e5 se de over 20 ulike broderiene.","og_url":"https:\/\/lmarsports.com\/test\/pride-tilbehor\/pride-smiley-broderi-svart-kant\/","og_site_name":"Prideshoppen - Pride butikk med kl\u00e6r, merch, flagg og alt til pride","article_publisher":"https:\/\/facebook.com\/Prideshoppen","article_modified_time":"2025-05-10T20:23:19+00:00","og_image":[{"width":280,"height":242,"url":"https:\/\/lmarsports.com\/test\/wp-content\/uploads\/2025\/04\/Pride-smiley-svart-broderi.jpg","type":"image\/jpeg"}],"twitter_card":"summary_large_image","twitter_misc":{"Ansl. lesetid":"2 minutter"},"schema":{"@context":"https:\/\/schema.org","@graph":[{"@type":"WebPage","@id":"https:\/\/lmarsports.com\/test\/pride-tilbehor\/pride-smiley-broderi-svart-kant\/","url":"https:\/\/lmarsports.com\/test\/pride-tilbehor\/pride-smiley-broderi-svart-kant\/","name":"Pride smiley broderi svart kant - Prideshoppen - Pride butikk med kl\u00e6r, merch, flagg og alt til pride","isPartOf":{"@id":"https:\/\/lmarsports.com\/test\/#website"},"primaryImageOfPage":{"@id":"https:\/\/lmarsports.com\/test\/pride-tilbehor\/pride-smiley-broderi-svart-kant\/#primaryimage"},"image":{"@id":"https:\/\/lmarsports.com\/test\/pride-tilbehor\/pride-smiley-broderi-svart-kant\/#primaryimage"},"thumbnailUrl":"https:\/\/lmarsports.com\/test\/wp-content\/uploads\/2025\/04\/Pride-smiley-svart-broderi.jpg","datePublished":"2025-05-10T20:23:18+00:00","dateModified":"2025-05-10T20:23:19+00:00","description":"En s\u00f8t smiley i pridefargene. Broderiet kan enkelt festes p\u00e5 kl\u00e6r, siden det er lim p\u00e5 baksiden. Bes\u00f8k Prideshoppen for \u00e5 se de over 20 ulike broderiene.","breadcrumb":{"@id":"https:\/\/lmarsports.com\/test\/pride-tilbehor\/pride-smiley-broderi-svart-kant\/#breadcrumb"},"inLanguage":"nb-NO","potentialAction":[{"@type":"ReadAction","target":["https:\/\/lmarsports.com\/test\/pride-tilbehor\/pride-smiley-broderi-svart-kant\/"]}]},{"@type":"ImageObject","inLanguage":"nb-NO","@id":"https:\/\/lmarsports.com\/test\/pride-tilbehor\/pride-smiley-broderi-svart-kant\/#primaryimage","url":"https:\/\/lmarsports.com\/test\/wp-content\/uploads\/2025\/04\/Pride-smiley-svart-broderi.jpg","contentUrl":"https:\/\/lmarsports.com\/test\/wp-content\/uploads\/2025\/04\/Pride-smiley-svart-broderi.jpg","width":280,"height":242,"caption":"Pride smiley broderi med svart kant. Nydelig med pridefargene, og kan enkelt festes p\u00e5 kl\u00e6r siden den har lim p\u00e5 baksiden."},{"@type":"BreadcrumbList","@id":"https:\/\/lmarsports.com\/test\/pride-tilbehor\/pride-smiley-broderi-svart-kant\/#breadcrumb","itemListElement":[{"@type":"ListItem","position":1,"name":"Hjem","item":"https:\/\/lmarsports.com\/test\/"},{"@type":"ListItem","position":2,"name":"Butikk","item":"https:\/\/lmarsports.com\/test\/butikk\/"},{"@type":"ListItem","position":3,"name":"Pride smiley broderi svart kant"}]},{"@type":"WebSite","@id":"https:\/\/lmarsports.com\/test\/#website","url":"https:\/\/lmarsports.com\/test\/","name":"Prideshoppen - Pride butikk med kl\u00e6r og merch","description":"Pride er for alle","publisher":{"@id":"https:\/\/lmarsports.com\/test\/#organization"},"potentialAction":[{"@type":"SearchAction","target":{"@type":"EntryPoint","urlTemplate":"https:\/\/lmarsports.com\/test\/?s={search_term_string}"},"query-input":{"@type":"PropertyValueSpecification","valueRequired":true,"valueName":"search_term_string"}}],"inLanguage":"nb-NO"},{"@type":"Organization","@id":"https:\/\/lmarsports.com\/test\/#organization","name":"Prideshoppen - Pride butikk med kl\u00e6r og merch","url":"https:\/\/lmarsports.com\/test\/","logo":{"@type":"ImageObject","inLanguage":"nb-NO","@id":"https:\/\/lmarsports.com\/test\/#\/schema\/logo\/image\/","url":"https:\/\/lmarsports.com\/test\/wp-content\/uploads\/2024\/09\/Prideshoppen-_logo_black.jpg","contentUrl":"https:\/\/lmarsports.com\/test\/wp-content\/uploads\/2024\/09\/Prideshoppen-_logo_black.jpg","width":2185,"height":596,"caption":"Prideshoppen - Pride butikk med kl\u00e6r og merch"},"image":{"@id":"https:\/\/lmarsports.com\/test\/#\/schema\/logo\/image\/"},"sameAs":["https:\/\/facebook.com\/Prideshoppen"]}]}},"_links":{"self":[{"href":"https:\/\/lmarsports.com\/test\/wp-json\/wp\/v2\/product\/4889","targetHints":{"allow":["GET"]}}],"collection":[{"href":"https:\/\/lmarsports.com\/test\/wp-json\/wp\/v2\/product"}],"about":[{"href":"https:\/\/lmarsports.com\/test\/wp-json\/wp\/v2\/types\/product"}],"replies":[{"embeddable":true,"href":"https:\/\/lmarsports.com\/test\/wp-json\/wp\/v2\/comments?post=4889"}],"wp:featuredmedia":[{"embeddable":true,"href":"https:\/\/lmarsports.com\/test\/wp-json\/wp\/v2\/media\/4890"}],"wp:attachment":[{"href":"https:\/\/lmarsports.com\/test\/wp-json\/wp\/v2\/media?parent=4889"}],"wp:term":[{"taxonomy":"product_brand","embeddable":true,"href":"https:\/\/lmarsports.com\/test\/wp-json\/wp\/v2\/product_brand?post=4889"},{"taxonomy":"product_cat","embeddable":true,"href":"https:\/\/lmarsports.com\/test\/wp-json\/wp\/v2\/product_cat?post=4889"},{"taxonomy":"product_tag","embeddable":true,"href":"https:\/\/lmarsports.com\/test\/wp-json\/wp\/v2\/product_tag?post=4889"}],"curies":[{"name":"wp","href":"https:\/\/api.w.org\/{rel}","templated":true}]}}