{"id":4876,"date":"2025-05-11T15:17:27","date_gmt":"2025-05-11T13:17:27","guid":{"rendered":"https:\/\/prideshoppen.no\/?post_type=product&#038;p=4876"},"modified":"2025-05-30T20:49:53","modified_gmt":"2025-05-30T18:49:53","slug":"pride-knyttneve-broderi","status":"publish","type":"product","link":"https:\/\/lmarsports.com\/test\/pride-tilbehor\/pride-broderier\/pride-knyttneve-broderi\/","title":{"rendered":"Pride knyttneve broderi"},"content":{"rendered":"<p>Pride knyttneven i de vakre pride-fargene er et vakkert broderi. Knyttneven kan enkelt festes p\u00e5 dine kl\u00e6r, og da f\u00e5r du pride-budskap rett p\u00e5 kl\u00e6rne dine. P\u00e5 <span style=\"color: #3366ff;\"><a style=\"color: #3366ff;\" href=\"https:\/\/lmarsports.com\/test\">Prideshoppen.no<\/a><\/span> finner du over 20 ulike pride-broderier som du kan stryke fast p\u00e5 kl\u00e6rne dine. Ta gjerne en titt p\u00e5 de andre broderiene ogs\u00e5. \ud83c\udf08\u2764\ufe0f<\/p>\n<p>Enkelt forklart, s\u00e5 er denne knyttneven en brodert lapp. P\u00e5 baksiden av den broderte lappen, s\u00e5 er det lim. Derfor er det enkelt \u00e5 stryke den broderte lappen p\u00e5 kl\u00e6r med et strykejern. Har du brukte kl\u00e6r som egner seg, s\u00e5 kan du fint bruke disse. Det er b\u00e5de mer milj\u00f8vennlig, men ogs\u00e5 langt billigere enn \u00e5 kj\u00f8pe nye kl\u00e6r.<\/p>\n<p>\u00c5 feste p\u00e5 broderier p\u00e5 kl\u00e6r har en lang historie. Det er et sv\u00e6rt godt alternativ hvis du vil vise fram et pride-budskap p\u00e5 dine kl\u00e6r. Vil du vise din st\u00f8tte LGBTQ+-samfunnet og pride, s\u00e5 er dette broderiet perfekt \u00e5 stryke p\u00e5 ett av dine klesplagg. Hva er vel finere enn \u00e5 feste et pride-budskap p\u00e5 kl\u00e6rne dine? \ud83c\udf08\u2764\ufe0f<\/p>\n<p>Kj\u00f8p dette pride knyttneve-broderiet i dag, og vi sender raskt til deg. #St\u00f8ttPride \ud83c\udf08\u2764\ufe0f<\/p>\n<p><span style=\"color: #3366ff;\"><a style=\"color: #3366ff;\" href=\"https:\/\/lmarsports.com\/test\/pride-tilbehor\/pride-broderier\/\">Se alle pride-broderier her<\/a><\/span><\/p>\n","protected":false},"excerpt":{"rendered":"<p>Et fantastisk flott pride-broderi. Festes enkelt p\u00e5 dine kl\u00e6r med et strykejern. \ud83c\udf08\u2764\ufe0f<\/p>\n","protected":false},"featured_media":4877,"comment_status":"open","ping_status":"closed","template":"","meta":{"inline_featured_image":false},"product_brand":[],"product_cat":[102,132],"product_tag":[],"class_list":{"0":"post-4876","1":"product","2":"type-product","3":"status-publish","4":"has-post-thumbnail","6":"product_cat-pride-tilbehor","7":"product_cat-pride-broderier","8":"col-12 col-sm-6 col-md-4 col-lg-3","10":"first","11":"instock","12":"taxable","13":"shipping-taxable","14":"purchasable","15":"product-type-simple"},"yoast_head":"<!-- This site is optimized with the Yoast SEO plugin v27.5 - https:\/\/yoast.com\/product\/yoast-seo-wordpress\/ -->\n<title>Pride knyttneve broderi - Prideshoppen - Pride butikk med kl\u00e6r, merch, flagg og alt til pride<\/title>\n<meta name=\"description\" content=\"Nydelig pride knyttneve-broderi. Festes enkelt p\u00e5 kl\u00e6r siden det er lim p\u00e5 baksiden. Vi har over 20 ulike pride-broderier. Bes\u00f8k Prideshoppen.no n\u00e5. \ud83c\udf08\u2764\ufe0f\" \/>\n<meta name=\"robots\" content=\"index, follow, max-snippet:-1, max-image-preview:large, max-video-preview:-1\" \/>\n<link rel=\"canonical\" href=\"https:\/\/lmarsports.com\/test\/pride-tilbehor\/pride-knyttneve-broderi\/\" \/>\n<meta property=\"og:locale\" content=\"nb_NO\" \/>\n<meta property=\"og:type\" content=\"article\" \/>\n<meta property=\"og:title\" content=\"Pride knyttneve broderi - Prideshoppen - Pride butikk med kl\u00e6r, merch, flagg og alt til pride\" \/>\n<meta property=\"og:description\" content=\"Nydelig pride knyttneve-broderi. Festes enkelt p\u00e5 kl\u00e6r siden det er lim p\u00e5 baksiden. Vi har over 20 ulike pride-broderier. Bes\u00f8k Prideshoppen.no n\u00e5. \ud83c\udf08\u2764\ufe0f\" \/>\n<meta property=\"og:url\" content=\"https:\/\/lmarsports.com\/test\/pride-tilbehor\/pride-knyttneve-broderi\/\" \/>\n<meta property=\"og:site_name\" content=\"Prideshoppen - Pride butikk med kl\u00e6r, merch, flagg og alt til pride\" \/>\n<meta property=\"article:publisher\" content=\"https:\/\/facebook.com\/Prideshoppen\" \/>\n<meta property=\"article:modified_time\" content=\"2025-05-30T18:49:53+00:00\" \/>\n<meta property=\"og:image\" content=\"https:\/\/lmarsports.com\/test\/wp-content\/uploads\/2025\/04\/Pride-knyttneve-broderi.jpg\" \/>\n\t<meta property=\"og:image:width\" content=\"260\" \/>\n\t<meta property=\"og:image:height\" content=\"336\" \/>\n\t<meta property=\"og:image:type\" content=\"image\/jpeg\" \/>\n<meta name=\"twitter:card\" content=\"summary_large_image\" \/>\n<meta name=\"twitter:label1\" content=\"Ansl. lesetid\" \/>\n\t<meta name=\"twitter:data1\" content=\"2 minutter\" \/>\n<script type=\"application\/ld+json\" class=\"yoast-schema-graph\">{\"@context\":\"https:\\\/\\\/schema.org\",\"@graph\":[{\"@type\":\"WebPage\",\"@id\":\"https:\\\/\\\/lmarsports.com\\\/test\\\/pride-tilbehor\\\/pride-knyttneve-broderi\\\/\",\"url\":\"https:\\\/\\\/lmarsports.com\\\/test\\\/pride-tilbehor\\\/pride-knyttneve-broderi\\\/\",\"name\":\"Pride knyttneve broderi - Prideshoppen - Pride butikk med kl\u00e6r, merch, flagg og alt til pride\",\"isPartOf\":{\"@id\":\"https:\\\/\\\/lmarsports.com\\\/test\\\/#website\"},\"primaryImageOfPage\":{\"@id\":\"https:\\\/\\\/lmarsports.com\\\/test\\\/pride-tilbehor\\\/pride-knyttneve-broderi\\\/#primaryimage\"},\"image\":{\"@id\":\"https:\\\/\\\/lmarsports.com\\\/test\\\/pride-tilbehor\\\/pride-knyttneve-broderi\\\/#primaryimage\"},\"thumbnailUrl\":\"https:\\\/\\\/lmarsports.com\\\/test\\\/wp-content\\\/uploads\\\/2025\\\/04\\\/Pride-knyttneve-broderi.jpg\",\"datePublished\":\"2025-05-11T13:17:27+00:00\",\"dateModified\":\"2025-05-30T18:49:53+00:00\",\"description\":\"Nydelig pride knyttneve-broderi. Festes enkelt p\u00e5 kl\u00e6r siden det er lim p\u00e5 baksiden. Vi har over 20 ulike pride-broderier. Bes\u00f8k Prideshoppen.no n\u00e5. \ud83c\udf08\u2764\ufe0f\",\"breadcrumb\":{\"@id\":\"https:\\\/\\\/lmarsports.com\\\/test\\\/pride-tilbehor\\\/pride-knyttneve-broderi\\\/#breadcrumb\"},\"inLanguage\":\"nb-NO\",\"potentialAction\":[{\"@type\":\"ReadAction\",\"target\":[\"https:\\\/\\\/lmarsports.com\\\/test\\\/pride-tilbehor\\\/pride-knyttneve-broderi\\\/\"]}]},{\"@type\":\"ImageObject\",\"inLanguage\":\"nb-NO\",\"@id\":\"https:\\\/\\\/lmarsports.com\\\/test\\\/pride-tilbehor\\\/pride-knyttneve-broderi\\\/#primaryimage\",\"url\":\"https:\\\/\\\/lmarsports.com\\\/test\\\/wp-content\\\/uploads\\\/2025\\\/04\\\/Pride-knyttneve-broderi.jpg\",\"contentUrl\":\"https:\\\/\\\/lmarsports.com\\\/test\\\/wp-content\\\/uploads\\\/2025\\\/04\\\/Pride-knyttneve-broderi.jpg\",\"width\":260,\"height\":336,\"caption\":\"Pride knyttneve broderi. Kan strykes p\u00e5 dine kl\u00e6r med et strykejern. Et fantastisk pride-produkt.\"},{\"@type\":\"BreadcrumbList\",\"@id\":\"https:\\\/\\\/lmarsports.com\\\/test\\\/pride-tilbehor\\\/pride-knyttneve-broderi\\\/#breadcrumb\",\"itemListElement\":[{\"@type\":\"ListItem\",\"position\":1,\"name\":\"Hjem\",\"item\":\"https:\\\/\\\/lmarsports.com\\\/test\\\/\"},{\"@type\":\"ListItem\",\"position\":2,\"name\":\"Butikk\",\"item\":\"https:\\\/\\\/lmarsports.com\\\/test\\\/butikk\\\/\"},{\"@type\":\"ListItem\",\"position\":3,\"name\":\"Pride knyttneve broderi\"}]},{\"@type\":\"WebSite\",\"@id\":\"https:\\\/\\\/lmarsports.com\\\/test\\\/#website\",\"url\":\"https:\\\/\\\/lmarsports.com\\\/test\\\/\",\"name\":\"Prideshoppen - Pride butikk med kl\u00e6r og merch\",\"description\":\"Pride er for alle\",\"publisher\":{\"@id\":\"https:\\\/\\\/lmarsports.com\\\/test\\\/#organization\"},\"potentialAction\":[{\"@type\":\"SearchAction\",\"target\":{\"@type\":\"EntryPoint\",\"urlTemplate\":\"https:\\\/\\\/lmarsports.com\\\/test\\\/?s={search_term_string}\"},\"query-input\":{\"@type\":\"PropertyValueSpecification\",\"valueRequired\":true,\"valueName\":\"search_term_string\"}}],\"inLanguage\":\"nb-NO\"},{\"@type\":\"Organization\",\"@id\":\"https:\\\/\\\/lmarsports.com\\\/test\\\/#organization\",\"name\":\"Prideshoppen - Pride butikk med kl\u00e6r og merch\",\"url\":\"https:\\\/\\\/lmarsports.com\\\/test\\\/\",\"logo\":{\"@type\":\"ImageObject\",\"inLanguage\":\"nb-NO\",\"@id\":\"https:\\\/\\\/lmarsports.com\\\/test\\\/#\\\/schema\\\/logo\\\/image\\\/\",\"url\":\"https:\\\/\\\/lmarsports.com\\\/test\\\/wp-content\\\/uploads\\\/2024\\\/09\\\/Prideshoppen-_logo_black.jpg\",\"contentUrl\":\"https:\\\/\\\/lmarsports.com\\\/test\\\/wp-content\\\/uploads\\\/2024\\\/09\\\/Prideshoppen-_logo_black.jpg\",\"width\":2185,\"height\":596,\"caption\":\"Prideshoppen - Pride butikk med kl\u00e6r og merch\"},\"image\":{\"@id\":\"https:\\\/\\\/lmarsports.com\\\/test\\\/#\\\/schema\\\/logo\\\/image\\\/\"},\"sameAs\":[\"https:\\\/\\\/facebook.com\\\/Prideshoppen\"]}]}<\/script>\n<!-- \/ Yoast SEO plugin. -->","yoast_head_json":{"title":"Pride knyttneve broderi - Prideshoppen - Pride butikk med kl\u00e6r, merch, flagg og alt til pride","description":"Nydelig pride knyttneve-broderi. Festes enkelt p\u00e5 kl\u00e6r siden det er lim p\u00e5 baksiden. Vi har over 20 ulike pride-broderier. Bes\u00f8k Prideshoppen.no n\u00e5. \ud83c\udf08\u2764\ufe0f","robots":{"index":"index","follow":"follow","max-snippet":"max-snippet:-1","max-image-preview":"max-image-preview:large","max-video-preview":"max-video-preview:-1"},"canonical":"https:\/\/lmarsports.com\/test\/pride-tilbehor\/pride-knyttneve-broderi\/","og_locale":"nb_NO","og_type":"article","og_title":"Pride knyttneve broderi - Prideshoppen - Pride butikk med kl\u00e6r, merch, flagg og alt til pride","og_description":"Nydelig pride knyttneve-broderi. Festes enkelt p\u00e5 kl\u00e6r siden det er lim p\u00e5 baksiden. Vi har over 20 ulike pride-broderier. Bes\u00f8k Prideshoppen.no n\u00e5. \ud83c\udf08\u2764\ufe0f","og_url":"https:\/\/lmarsports.com\/test\/pride-tilbehor\/pride-knyttneve-broderi\/","og_site_name":"Prideshoppen - Pride butikk med kl\u00e6r, merch, flagg og alt til pride","article_publisher":"https:\/\/facebook.com\/Prideshoppen","article_modified_time":"2025-05-30T18:49:53+00:00","og_image":[{"width":260,"height":336,"url":"https:\/\/lmarsports.com\/test\/wp-content\/uploads\/2025\/04\/Pride-knyttneve-broderi.jpg","type":"image\/jpeg"}],"twitter_card":"summary_large_image","twitter_misc":{"Ansl. lesetid":"2 minutter"},"schema":{"@context":"https:\/\/schema.org","@graph":[{"@type":"WebPage","@id":"https:\/\/lmarsports.com\/test\/pride-tilbehor\/pride-knyttneve-broderi\/","url":"https:\/\/lmarsports.com\/test\/pride-tilbehor\/pride-knyttneve-broderi\/","name":"Pride knyttneve broderi - Prideshoppen - Pride butikk med kl\u00e6r, merch, flagg og alt til pride","isPartOf":{"@id":"https:\/\/lmarsports.com\/test\/#website"},"primaryImageOfPage":{"@id":"https:\/\/lmarsports.com\/test\/pride-tilbehor\/pride-knyttneve-broderi\/#primaryimage"},"image":{"@id":"https:\/\/lmarsports.com\/test\/pride-tilbehor\/pride-knyttneve-broderi\/#primaryimage"},"thumbnailUrl":"https:\/\/lmarsports.com\/test\/wp-content\/uploads\/2025\/04\/Pride-knyttneve-broderi.jpg","datePublished":"2025-05-11T13:17:27+00:00","dateModified":"2025-05-30T18:49:53+00:00","description":"Nydelig pride knyttneve-broderi. Festes enkelt p\u00e5 kl\u00e6r siden det er lim p\u00e5 baksiden. Vi har over 20 ulike pride-broderier. Bes\u00f8k Prideshoppen.no n\u00e5. \ud83c\udf08\u2764\ufe0f","breadcrumb":{"@id":"https:\/\/lmarsports.com\/test\/pride-tilbehor\/pride-knyttneve-broderi\/#breadcrumb"},"inLanguage":"nb-NO","potentialAction":[{"@type":"ReadAction","target":["https:\/\/lmarsports.com\/test\/pride-tilbehor\/pride-knyttneve-broderi\/"]}]},{"@type":"ImageObject","inLanguage":"nb-NO","@id":"https:\/\/lmarsports.com\/test\/pride-tilbehor\/pride-knyttneve-broderi\/#primaryimage","url":"https:\/\/lmarsports.com\/test\/wp-content\/uploads\/2025\/04\/Pride-knyttneve-broderi.jpg","contentUrl":"https:\/\/lmarsports.com\/test\/wp-content\/uploads\/2025\/04\/Pride-knyttneve-broderi.jpg","width":260,"height":336,"caption":"Pride knyttneve broderi. Kan strykes p\u00e5 dine kl\u00e6r med et strykejern. Et fantastisk pride-produkt."},{"@type":"BreadcrumbList","@id":"https:\/\/lmarsports.com\/test\/pride-tilbehor\/pride-knyttneve-broderi\/#breadcrumb","itemListElement":[{"@type":"ListItem","position":1,"name":"Hjem","item":"https:\/\/lmarsports.com\/test\/"},{"@type":"ListItem","position":2,"name":"Butikk","item":"https:\/\/lmarsports.com\/test\/butikk\/"},{"@type":"ListItem","position":3,"name":"Pride knyttneve broderi"}]},{"@type":"WebSite","@id":"https:\/\/lmarsports.com\/test\/#website","url":"https:\/\/lmarsports.com\/test\/","name":"Prideshoppen - Pride butikk med kl\u00e6r og merch","description":"Pride er for alle","publisher":{"@id":"https:\/\/lmarsports.com\/test\/#organization"},"potentialAction":[{"@type":"SearchAction","target":{"@type":"EntryPoint","urlTemplate":"https:\/\/lmarsports.com\/test\/?s={search_term_string}"},"query-input":{"@type":"PropertyValueSpecification","valueRequired":true,"valueName":"search_term_string"}}],"inLanguage":"nb-NO"},{"@type":"Organization","@id":"https:\/\/lmarsports.com\/test\/#organization","name":"Prideshoppen - Pride butikk med kl\u00e6r og merch","url":"https:\/\/lmarsports.com\/test\/","logo":{"@type":"ImageObject","inLanguage":"nb-NO","@id":"https:\/\/lmarsports.com\/test\/#\/schema\/logo\/image\/","url":"https:\/\/lmarsports.com\/test\/wp-content\/uploads\/2024\/09\/Prideshoppen-_logo_black.jpg","contentUrl":"https:\/\/lmarsports.com\/test\/wp-content\/uploads\/2024\/09\/Prideshoppen-_logo_black.jpg","width":2185,"height":596,"caption":"Prideshoppen - Pride butikk med kl\u00e6r og merch"},"image":{"@id":"https:\/\/lmarsports.com\/test\/#\/schema\/logo\/image\/"},"sameAs":["https:\/\/facebook.com\/Prideshoppen"]}]}},"_links":{"self":[{"href":"https:\/\/lmarsports.com\/test\/wp-json\/wp\/v2\/product\/4876","targetHints":{"allow":["GET"]}}],"collection":[{"href":"https:\/\/lmarsports.com\/test\/wp-json\/wp\/v2\/product"}],"about":[{"href":"https:\/\/lmarsports.com\/test\/wp-json\/wp\/v2\/types\/product"}],"replies":[{"embeddable":true,"href":"https:\/\/lmarsports.com\/test\/wp-json\/wp\/v2\/comments?post=4876"}],"wp:featuredmedia":[{"embeddable":true,"href":"https:\/\/lmarsports.com\/test\/wp-json\/wp\/v2\/media\/4877"}],"wp:attachment":[{"href":"https:\/\/lmarsports.com\/test\/wp-json\/wp\/v2\/media?parent=4876"}],"wp:term":[{"taxonomy":"product_brand","embeddable":true,"href":"https:\/\/lmarsports.com\/test\/wp-json\/wp\/v2\/product_brand?post=4876"},{"taxonomy":"product_cat","embeddable":true,"href":"https:\/\/lmarsports.com\/test\/wp-json\/wp\/v2\/product_cat?post=4876"},{"taxonomy":"product_tag","embeddable":true,"href":"https:\/\/lmarsports.com\/test\/wp-json\/wp\/v2\/product_tag?post=4876"}],"curies":[{"name":"wp","href":"https:\/\/api.w.org\/{rel}","templated":true}]}}