{"id":4817,"date":"2025-05-09T21:18:55","date_gmt":"2025-05-09T19:18:55","guid":{"rendered":"https:\/\/prideshoppen.no\/?post_type=product&#038;p=4817"},"modified":"2025-06-29T20:14:00","modified_gmt":"2025-06-29T18:14:00","slug":"trans-orepynt-oredobb","status":"publish","type":"product","link":"https:\/\/lmarsports.com\/test\/pride-tilbehor\/pride-oredobber\/trans-orepynt-oredobb\/","title":{"rendered":"Trans \u00f8repynt\/\u00f8redobb"},"content":{"rendered":"<p>Ett sett med \u00f8redobber med fargene fra det transkj\u00f8nnede flagget. Perfekt \u00e5 bruke til hverdags, men ogs\u00e5 fest eller store pride-anledninger. Disse selges i par, s\u00e5 du kan bruke p\u00e5 begge \u00f8rene samtidig. \ud83c\udf08\u2764\ufe0f<\/p>\n<p>En transperson er en person som opplever en kj\u00f8nnsidentitet som ikke samsvarer med deres tildelte kj\u00f8nn. Transkj\u00f8nnede har et \u00f8nske om \u00e5 g\u00e5 over til det kj\u00f8nnet de identifiserer seg med. Det er ikke uvanlig \u00e5 opps\u00f8ke medisinsk hjelp blant transpersoner. Dette for \u00e5 hjelpe til med \u00e5 tilpasse kroppen til det kj\u00f8nnet de identifiserer seg som.<\/p>\n<p>Det er mye som har skjedd de siste \u00e5rene rundt transkj\u00f8nnede, og rettigheter og forst\u00e5else har blitt bedre mange steder. Men man ser ogs\u00e5 at det g\u00e5r feil vei i mange land. F\u00f8r kunne transkj\u00f8nnede bli sett p\u00e5 som psykisk syke, og at helsepersonell m\u00e5tte passe p\u00e5 dem. I Norge har vi heldigvis kommet bort fra dette, og dette er et tilbakelagt kapittel. Rettighetene til transpersoner i Norge i dag er gode, men det er ikke noe vi m\u00e5 ta for gitt. \u00c5 vise st\u00f8tte til transpersoner og LGBTQ+-milj\u00f8et er viktig. Derfor er det viktig \u00e5 g\u00e5 i pride-tog, og kle seg med symboler som st\u00f8tter pride-bevegelsen.<\/p>\n<p>Kj\u00f8per du disse \u00f8redobbene viser du din st\u00f8tte til transpersoner. \ud83c\udf08\u2764\ufe0f<\/p>\n","protected":false},"excerpt":{"rendered":"<p>Vakre \u00f8redobber med fargene fra det transkj\u00f8nnede flagget. Kj\u00f8p disse n\u00e5 i dag, vi sender raskt. \ud83c\udf08\u2764\ufe0f<\/p>\n","protected":false},"featured_media":4816,"comment_status":"open","ping_status":"closed","template":"","meta":{"inline_featured_image":false},"product_brand":[],"product_cat":[102,129],"product_tag":[],"class_list":{"0":"post-4817","1":"product","2":"type-product","3":"status-publish","4":"has-post-thumbnail","6":"product_cat-pride-tilbehor","7":"product_cat-pride-oredobber","8":"col-12 col-sm-6 col-md-4 col-lg-3","10":"first","11":"instock","12":"taxable","13":"shipping-taxable","14":"purchasable","15":"product-type-simple"},"yoast_head":"<!-- This site is optimized with the Yoast SEO plugin v27.5 - https:\/\/yoast.com\/product\/yoast-seo-wordpress\/ -->\n<title>Trans \u00f8repynt\/\u00f8redobb - Prideshoppen - Pride butikk med kl\u00e6r, merch, flagg og alt til pride<\/title>\n<meta name=\"description\" content=\"Nydelig \u00f8repynt med fargene fra det transkj\u00f8nnede flagget. Prideshoppen.no har stort utvalg pride-effekter. Ta gjerne en titt innom, og se utvalget. \ud83c\udf08\u2764\ufe0f\" \/>\n<meta name=\"robots\" content=\"index, follow, max-snippet:-1, max-image-preview:large, max-video-preview:-1\" \/>\n<link rel=\"canonical\" href=\"https:\/\/lmarsports.com\/test\/pride-tilbehor\/trans-orepynt-oredobb\/\" \/>\n<meta property=\"og:locale\" content=\"nb_NO\" \/>\n<meta property=\"og:type\" content=\"article\" \/>\n<meta property=\"og:title\" content=\"Trans \u00f8repynt\/\u00f8redobb - Prideshoppen - Pride butikk med kl\u00e6r, merch, flagg og alt til pride\" \/>\n<meta property=\"og:description\" content=\"Nydelig \u00f8repynt med fargene fra det transkj\u00f8nnede flagget. Prideshoppen.no har stort utvalg pride-effekter. Ta gjerne en titt innom, og se utvalget. \ud83c\udf08\u2764\ufe0f\" \/>\n<meta property=\"og:url\" content=\"https:\/\/lmarsports.com\/test\/pride-tilbehor\/trans-orepynt-oredobb\/\" \/>\n<meta property=\"og:site_name\" content=\"Prideshoppen - Pride butikk med kl\u00e6r, merch, flagg og alt til pride\" \/>\n<meta property=\"article:publisher\" content=\"https:\/\/facebook.com\/Prideshoppen\" \/>\n<meta property=\"article:modified_time\" content=\"2025-06-29T18:14:00+00:00\" \/>\n<meta property=\"og:image\" content=\"https:\/\/lmarsports.com\/test\/wp-content\/uploads\/2025\/03\/transseksuell-orepynt.png\" \/>\n\t<meta property=\"og:image:width\" content=\"360\" \/>\n\t<meta property=\"og:image:height\" content=\"268\" \/>\n\t<meta property=\"og:image:type\" content=\"image\/png\" \/>\n<meta name=\"twitter:card\" content=\"summary_large_image\" \/>\n<meta name=\"twitter:label1\" content=\"Ansl. lesetid\" \/>\n\t<meta name=\"twitter:data1\" content=\"2 minutter\" \/>\n<script type=\"application\/ld+json\" class=\"yoast-schema-graph\">{\"@context\":\"https:\\\/\\\/schema.org\",\"@graph\":[{\"@type\":\"WebPage\",\"@id\":\"https:\\\/\\\/lmarsports.com\\\/test\\\/pride-tilbehor\\\/trans-orepynt-oredobb\\\/\",\"url\":\"https:\\\/\\\/lmarsports.com\\\/test\\\/pride-tilbehor\\\/trans-orepynt-oredobb\\\/\",\"name\":\"Trans \u00f8repynt\\\/\u00f8redobb - Prideshoppen - Pride butikk med kl\u00e6r, merch, flagg og alt til pride\",\"isPartOf\":{\"@id\":\"https:\\\/\\\/lmarsports.com\\\/test\\\/#website\"},\"primaryImageOfPage\":{\"@id\":\"https:\\\/\\\/lmarsports.com\\\/test\\\/pride-tilbehor\\\/trans-orepynt-oredobb\\\/#primaryimage\"},\"image\":{\"@id\":\"https:\\\/\\\/lmarsports.com\\\/test\\\/pride-tilbehor\\\/trans-orepynt-oredobb\\\/#primaryimage\"},\"thumbnailUrl\":\"https:\\\/\\\/lmarsports.com\\\/test\\\/wp-content\\\/uploads\\\/2025\\\/03\\\/transseksuell-orepynt.png\",\"datePublished\":\"2025-05-09T19:18:55+00:00\",\"dateModified\":\"2025-06-29T18:14:00+00:00\",\"description\":\"Nydelig \u00f8repynt med fargene fra det transkj\u00f8nnede flagget. Prideshoppen.no har stort utvalg pride-effekter. Ta gjerne en titt innom, og se utvalget. \ud83c\udf08\u2764\ufe0f\",\"breadcrumb\":{\"@id\":\"https:\\\/\\\/lmarsports.com\\\/test\\\/pride-tilbehor\\\/trans-orepynt-oredobb\\\/#breadcrumb\"},\"inLanguage\":\"nb-NO\",\"potentialAction\":[{\"@type\":\"ReadAction\",\"target\":[\"https:\\\/\\\/lmarsports.com\\\/test\\\/pride-tilbehor\\\/trans-orepynt-oredobb\\\/\"]}]},{\"@type\":\"ImageObject\",\"inLanguage\":\"nb-NO\",\"@id\":\"https:\\\/\\\/lmarsports.com\\\/test\\\/pride-tilbehor\\\/trans-orepynt-oredobb\\\/#primaryimage\",\"url\":\"https:\\\/\\\/lmarsports.com\\\/test\\\/wp-content\\\/uploads\\\/2025\\\/03\\\/transseksuell-orepynt.png\",\"contentUrl\":\"https:\\\/\\\/lmarsports.com\\\/test\\\/wp-content\\\/uploads\\\/2025\\\/03\\\/transseksuell-orepynt.png\",\"width\":360,\"height\":268,\"caption\":\"\u00d8repynt med fargene fra det transseksuelle flagget. Vakre \u00f8redobber til bruk hverdags og st\u00f8rre anledninger.\"},{\"@type\":\"BreadcrumbList\",\"@id\":\"https:\\\/\\\/lmarsports.com\\\/test\\\/pride-tilbehor\\\/trans-orepynt-oredobb\\\/#breadcrumb\",\"itemListElement\":[{\"@type\":\"ListItem\",\"position\":1,\"name\":\"Hjem\",\"item\":\"https:\\\/\\\/lmarsports.com\\\/test\\\/\"},{\"@type\":\"ListItem\",\"position\":2,\"name\":\"Butikk\",\"item\":\"https:\\\/\\\/lmarsports.com\\\/test\\\/butikk\\\/\"},{\"@type\":\"ListItem\",\"position\":3,\"name\":\"Trans \u00f8repynt\\\/\u00f8redobb\"}]},{\"@type\":\"WebSite\",\"@id\":\"https:\\\/\\\/lmarsports.com\\\/test\\\/#website\",\"url\":\"https:\\\/\\\/lmarsports.com\\\/test\\\/\",\"name\":\"Prideshoppen - Pride butikk med kl\u00e6r og merch\",\"description\":\"Pride er for alle\",\"publisher\":{\"@id\":\"https:\\\/\\\/lmarsports.com\\\/test\\\/#organization\"},\"potentialAction\":[{\"@type\":\"SearchAction\",\"target\":{\"@type\":\"EntryPoint\",\"urlTemplate\":\"https:\\\/\\\/lmarsports.com\\\/test\\\/?s={search_term_string}\"},\"query-input\":{\"@type\":\"PropertyValueSpecification\",\"valueRequired\":true,\"valueName\":\"search_term_string\"}}],\"inLanguage\":\"nb-NO\"},{\"@type\":\"Organization\",\"@id\":\"https:\\\/\\\/lmarsports.com\\\/test\\\/#organization\",\"name\":\"Prideshoppen - Pride butikk med kl\u00e6r og merch\",\"url\":\"https:\\\/\\\/lmarsports.com\\\/test\\\/\",\"logo\":{\"@type\":\"ImageObject\",\"inLanguage\":\"nb-NO\",\"@id\":\"https:\\\/\\\/lmarsports.com\\\/test\\\/#\\\/schema\\\/logo\\\/image\\\/\",\"url\":\"https:\\\/\\\/lmarsports.com\\\/test\\\/wp-content\\\/uploads\\\/2024\\\/09\\\/Prideshoppen-_logo_black.jpg\",\"contentUrl\":\"https:\\\/\\\/lmarsports.com\\\/test\\\/wp-content\\\/uploads\\\/2024\\\/09\\\/Prideshoppen-_logo_black.jpg\",\"width\":2185,\"height\":596,\"caption\":\"Prideshoppen - Pride butikk med kl\u00e6r og merch\"},\"image\":{\"@id\":\"https:\\\/\\\/lmarsports.com\\\/test\\\/#\\\/schema\\\/logo\\\/image\\\/\"},\"sameAs\":[\"https:\\\/\\\/facebook.com\\\/Prideshoppen\"]}]}<\/script>\n<!-- \/ Yoast SEO plugin. -->","yoast_head_json":{"title":"Trans \u00f8repynt\/\u00f8redobb - Prideshoppen - Pride butikk med kl\u00e6r, merch, flagg og alt til pride","description":"Nydelig \u00f8repynt med fargene fra det transkj\u00f8nnede flagget. Prideshoppen.no har stort utvalg pride-effekter. Ta gjerne en titt innom, og se utvalget. \ud83c\udf08\u2764\ufe0f","robots":{"index":"index","follow":"follow","max-snippet":"max-snippet:-1","max-image-preview":"max-image-preview:large","max-video-preview":"max-video-preview:-1"},"canonical":"https:\/\/lmarsports.com\/test\/pride-tilbehor\/trans-orepynt-oredobb\/","og_locale":"nb_NO","og_type":"article","og_title":"Trans \u00f8repynt\/\u00f8redobb - Prideshoppen - Pride butikk med kl\u00e6r, merch, flagg og alt til pride","og_description":"Nydelig \u00f8repynt med fargene fra det transkj\u00f8nnede flagget. Prideshoppen.no har stort utvalg pride-effekter. Ta gjerne en titt innom, og se utvalget. \ud83c\udf08\u2764\ufe0f","og_url":"https:\/\/lmarsports.com\/test\/pride-tilbehor\/trans-orepynt-oredobb\/","og_site_name":"Prideshoppen - Pride butikk med kl\u00e6r, merch, flagg og alt til pride","article_publisher":"https:\/\/facebook.com\/Prideshoppen","article_modified_time":"2025-06-29T18:14:00+00:00","og_image":[{"width":360,"height":268,"url":"https:\/\/lmarsports.com\/test\/wp-content\/uploads\/2025\/03\/transseksuell-orepynt.png","type":"image\/png"}],"twitter_card":"summary_large_image","twitter_misc":{"Ansl. lesetid":"2 minutter"},"schema":{"@context":"https:\/\/schema.org","@graph":[{"@type":"WebPage","@id":"https:\/\/lmarsports.com\/test\/pride-tilbehor\/trans-orepynt-oredobb\/","url":"https:\/\/lmarsports.com\/test\/pride-tilbehor\/trans-orepynt-oredobb\/","name":"Trans \u00f8repynt\/\u00f8redobb - Prideshoppen - Pride butikk med kl\u00e6r, merch, flagg og alt til pride","isPartOf":{"@id":"https:\/\/lmarsports.com\/test\/#website"},"primaryImageOfPage":{"@id":"https:\/\/lmarsports.com\/test\/pride-tilbehor\/trans-orepynt-oredobb\/#primaryimage"},"image":{"@id":"https:\/\/lmarsports.com\/test\/pride-tilbehor\/trans-orepynt-oredobb\/#primaryimage"},"thumbnailUrl":"https:\/\/lmarsports.com\/test\/wp-content\/uploads\/2025\/03\/transseksuell-orepynt.png","datePublished":"2025-05-09T19:18:55+00:00","dateModified":"2025-06-29T18:14:00+00:00","description":"Nydelig \u00f8repynt med fargene fra det transkj\u00f8nnede flagget. Prideshoppen.no har stort utvalg pride-effekter. Ta gjerne en titt innom, og se utvalget. \ud83c\udf08\u2764\ufe0f","breadcrumb":{"@id":"https:\/\/lmarsports.com\/test\/pride-tilbehor\/trans-orepynt-oredobb\/#breadcrumb"},"inLanguage":"nb-NO","potentialAction":[{"@type":"ReadAction","target":["https:\/\/lmarsports.com\/test\/pride-tilbehor\/trans-orepynt-oredobb\/"]}]},{"@type":"ImageObject","inLanguage":"nb-NO","@id":"https:\/\/lmarsports.com\/test\/pride-tilbehor\/trans-orepynt-oredobb\/#primaryimage","url":"https:\/\/lmarsports.com\/test\/wp-content\/uploads\/2025\/03\/transseksuell-orepynt.png","contentUrl":"https:\/\/lmarsports.com\/test\/wp-content\/uploads\/2025\/03\/transseksuell-orepynt.png","width":360,"height":268,"caption":"\u00d8repynt med fargene fra det transseksuelle flagget. Vakre \u00f8redobber til bruk hverdags og st\u00f8rre anledninger."},{"@type":"BreadcrumbList","@id":"https:\/\/lmarsports.com\/test\/pride-tilbehor\/trans-orepynt-oredobb\/#breadcrumb","itemListElement":[{"@type":"ListItem","position":1,"name":"Hjem","item":"https:\/\/lmarsports.com\/test\/"},{"@type":"ListItem","position":2,"name":"Butikk","item":"https:\/\/lmarsports.com\/test\/butikk\/"},{"@type":"ListItem","position":3,"name":"Trans \u00f8repynt\/\u00f8redobb"}]},{"@type":"WebSite","@id":"https:\/\/lmarsports.com\/test\/#website","url":"https:\/\/lmarsports.com\/test\/","name":"Prideshoppen - Pride butikk med kl\u00e6r og merch","description":"Pride er for alle","publisher":{"@id":"https:\/\/lmarsports.com\/test\/#organization"},"potentialAction":[{"@type":"SearchAction","target":{"@type":"EntryPoint","urlTemplate":"https:\/\/lmarsports.com\/test\/?s={search_term_string}"},"query-input":{"@type":"PropertyValueSpecification","valueRequired":true,"valueName":"search_term_string"}}],"inLanguage":"nb-NO"},{"@type":"Organization","@id":"https:\/\/lmarsports.com\/test\/#organization","name":"Prideshoppen - Pride butikk med kl\u00e6r og merch","url":"https:\/\/lmarsports.com\/test\/","logo":{"@type":"ImageObject","inLanguage":"nb-NO","@id":"https:\/\/lmarsports.com\/test\/#\/schema\/logo\/image\/","url":"https:\/\/lmarsports.com\/test\/wp-content\/uploads\/2024\/09\/Prideshoppen-_logo_black.jpg","contentUrl":"https:\/\/lmarsports.com\/test\/wp-content\/uploads\/2024\/09\/Prideshoppen-_logo_black.jpg","width":2185,"height":596,"caption":"Prideshoppen - Pride butikk med kl\u00e6r og merch"},"image":{"@id":"https:\/\/lmarsports.com\/test\/#\/schema\/logo\/image\/"},"sameAs":["https:\/\/facebook.com\/Prideshoppen"]}]}},"_links":{"self":[{"href":"https:\/\/lmarsports.com\/test\/wp-json\/wp\/v2\/product\/4817","targetHints":{"allow":["GET"]}}],"collection":[{"href":"https:\/\/lmarsports.com\/test\/wp-json\/wp\/v2\/product"}],"about":[{"href":"https:\/\/lmarsports.com\/test\/wp-json\/wp\/v2\/types\/product"}],"replies":[{"embeddable":true,"href":"https:\/\/lmarsports.com\/test\/wp-json\/wp\/v2\/comments?post=4817"}],"wp:featuredmedia":[{"embeddable":true,"href":"https:\/\/lmarsports.com\/test\/wp-json\/wp\/v2\/media\/4816"}],"wp:attachment":[{"href":"https:\/\/lmarsports.com\/test\/wp-json\/wp\/v2\/media?parent=4817"}],"wp:term":[{"taxonomy":"product_brand","embeddable":true,"href":"https:\/\/lmarsports.com\/test\/wp-json\/wp\/v2\/product_brand?post=4817"},{"taxonomy":"product_cat","embeddable":true,"href":"https:\/\/lmarsports.com\/test\/wp-json\/wp\/v2\/product_cat?post=4817"},{"taxonomy":"product_tag","embeddable":true,"href":"https:\/\/lmarsports.com\/test\/wp-json\/wp\/v2\/product_tag?post=4817"}],"curies":[{"name":"wp","href":"https:\/\/api.w.org\/{rel}","templated":true}]}}