{"id":4716,"date":"2025-05-08T18:07:40","date_gmt":"2025-05-08T16:07:40","guid":{"rendered":"https:\/\/prideshoppen.no\/?post_type=product&#038;p=4716"},"modified":"2026-03-18T13:25:51","modified_gmt":"2026-03-18T12:25:51","slug":"trans-pride-pin","status":"publish","type":"product","link":"https:\/\/lmarsports.com\/test\/pride-pins\/trans-pride-pin\/","title":{"rendered":"Trans pride pin"},"content":{"rendered":"<p>Flagget for trans ble designet allerede i 1999, og har siden den gang blitt adoptert av transpersoner verden over. Fargene for trans brukes for \u00e5 representere stolthet, mangfold, rettigheter og\/eller endring innenfor samfunnet for trans. Det er 5 striper i transflagget, og det har denne <span style=\"color: #3366ff;\"><a style=\"color: #3366ff;\" href=\"https:\/\/lmarsports.com\/test\/pride-lgbtq-pin\/\">pride pin<\/a> <\/span>ogs\u00e5.<\/p>\n<p>Transflagget best\u00e5r av disse fargene:<\/p>\n<ul>\n<li>Lys rosa<\/li>\n<li>Hvit<\/li>\n<li>Lysebl\u00e5<\/li>\n<\/ul>\n<p>En trans opplever en kj\u00f8nnsidentitet som ikke samsvarer med det kj\u00f8nnet tildelt ved f\u00f8dsel. Derfor \u00f8nsker ofte en transkj\u00f8nnet \u00e5 g\u00e5 permanent over til det kj\u00f8nnet de identifiserer seg med. Ofte blir det brukt medisinsk hjelp for \u00e5 hjelpe personen til \u00e5 tilpasse kroppen til det en identifiserer seg selv som eller identifiserende kj\u00f8nn.<\/p>\n<p>\u00c5 jobbe for at transkj\u00f8nnede skal ha like rettigheter som alle andre er viktig. For det er ikke noe de alltid har hatt. Tidligere ble transpersoner klassifisert som psykisk syke, og m\u00e5tte passes p\u00e5 av vakter fra helsevesenet. Heldigvis er dette ikke noe som foreg\u00e5r i Norge i dag.<\/p>\n<p>Internasjonalt har pride-bevegelsen m\u00f8tt motstand, og vi har fortsatt en lang vei igjen \u00e5 g\u00e5. Derfor er det sv\u00e6rt viktig at vi viser st\u00f8tte til transpersoner i samfunnet. Alle kan for eksempel b\u00e6re denne trans pride pin. Vi synes du skal b\u00e6re den med stolthet. \ud83c\udf08\u2764\ufe0f<\/p>\n<p>Kj\u00f8p denne pride pin og b\u00e6r den med stolthet slik at du viser din st\u00f8tte til trans-samfunnet. \ud83c\udf08\u2764\ufe0f<\/p>\n","protected":false},"excerpt":{"rendered":"<p>Kj\u00f8p denne nydelige trans pride pin i dag for \u00e5 vise din st\u00f8tte til\u00a0 trans-samfunnet. \ud83c\udf08\u2764\ufe0f<\/p>\n","protected":false},"featured_media":4695,"comment_status":"open","ping_status":"closed","template":"","meta":{"inline_featured_image":false},"product_brand":[],"product_cat":[87],"product_tag":[],"class_list":{"0":"post-4716","1":"product","2":"type-product","3":"status-publish","4":"has-post-thumbnail","6":"product_cat-pride-pins","7":"col-12 col-sm-6 col-md-4 col-lg-3","9":"first","10":"instock","11":"taxable","12":"shipping-taxable","13":"purchasable","14":"product-type-simple"},"yoast_head":"<!-- This site is optimized with the Yoast SEO plugin v27.5 - https:\/\/yoast.com\/product\/yoast-seo-wordpress\/ -->\n<title>Trans pride pin - Prideshoppen - Pride butikk med kl\u00e6r, merch, flagg og alt til pride<\/title>\n<meta name=\"description\" content=\"En nydelig pride pin med 5 farger fra transflagget. B\u00e6r den med stolthet. Prideshoppen.no har over 30 ulike pride pins. Ta gjerne en titt. \ud83c\udf08\u2764\ufe0f\" \/>\n<meta name=\"robots\" content=\"index, follow, max-snippet:-1, max-image-preview:large, max-video-preview:-1\" \/>\n<link rel=\"canonical\" href=\"https:\/\/lmarsports.com\/test\/pride-pins\/trans-pride-pin\/\" \/>\n<meta property=\"og:locale\" content=\"nb_NO\" \/>\n<meta property=\"og:type\" content=\"article\" \/>\n<meta property=\"og:title\" content=\"Trans pride pin - Prideshoppen - Pride butikk med kl\u00e6r, merch, flagg og alt til pride\" \/>\n<meta property=\"og:description\" content=\"En nydelig pride pin med 5 farger fra transflagget. B\u00e6r den med stolthet. Prideshoppen.no har over 30 ulike pride pins. Ta gjerne en titt. \ud83c\udf08\u2764\ufe0f\" \/>\n<meta property=\"og:url\" content=\"https:\/\/lmarsports.com\/test\/pride-pins\/trans-pride-pin\/\" \/>\n<meta property=\"og:site_name\" content=\"Prideshoppen - Pride butikk med kl\u00e6r, merch, flagg og alt til pride\" \/>\n<meta property=\"article:publisher\" content=\"https:\/\/facebook.com\/Prideshoppen\" \/>\n<meta property=\"article:modified_time\" content=\"2026-03-18T12:25:51+00:00\" \/>\n<meta property=\"og:image\" content=\"https:\/\/lmarsports.com\/test\/wp-content\/uploads\/2024\/11\/Transseksuell-pride-pin.png\" \/>\n\t<meta property=\"og:image:width\" content=\"800\" \/>\n\t<meta property=\"og:image:height\" content=\"800\" \/>\n\t<meta property=\"og:image:type\" content=\"image\/png\" \/>\n<meta name=\"twitter:card\" content=\"summary_large_image\" \/>\n<meta name=\"twitter:label1\" content=\"Ansl. lesetid\" \/>\n\t<meta name=\"twitter:data1\" content=\"2 minutter\" \/>\n<script type=\"application\/ld+json\" class=\"yoast-schema-graph\">{\"@context\":\"https:\\\/\\\/schema.org\",\"@graph\":[{\"@type\":\"WebPage\",\"@id\":\"https:\\\/\\\/lmarsports.com\\\/test\\\/pride-pins\\\/trans-pride-pin\\\/\",\"url\":\"https:\\\/\\\/lmarsports.com\\\/test\\\/pride-pins\\\/trans-pride-pin\\\/\",\"name\":\"Trans pride pin - Prideshoppen - Pride butikk med kl\u00e6r, merch, flagg og alt til pride\",\"isPartOf\":{\"@id\":\"https:\\\/\\\/lmarsports.com\\\/test\\\/#website\"},\"primaryImageOfPage\":{\"@id\":\"https:\\\/\\\/lmarsports.com\\\/test\\\/pride-pins\\\/trans-pride-pin\\\/#primaryimage\"},\"image\":{\"@id\":\"https:\\\/\\\/lmarsports.com\\\/test\\\/pride-pins\\\/trans-pride-pin\\\/#primaryimage\"},\"thumbnailUrl\":\"https:\\\/\\\/lmarsports.com\\\/test\\\/wp-content\\\/uploads\\\/2024\\\/11\\\/Transseksuell-pride-pin.png\",\"datePublished\":\"2025-05-08T16:07:40+00:00\",\"dateModified\":\"2026-03-18T12:25:51+00:00\",\"description\":\"En nydelig pride pin med 5 farger fra transflagget. B\u00e6r den med stolthet. Prideshoppen.no har over 30 ulike pride pins. Ta gjerne en titt. \ud83c\udf08\u2764\ufe0f\",\"breadcrumb\":{\"@id\":\"https:\\\/\\\/lmarsports.com\\\/test\\\/pride-pins\\\/trans-pride-pin\\\/#breadcrumb\"},\"inLanguage\":\"nb-NO\",\"potentialAction\":[{\"@type\":\"ReadAction\",\"target\":[\"https:\\\/\\\/lmarsports.com\\\/test\\\/pride-pins\\\/trans-pride-pin\\\/\"]}]},{\"@type\":\"ImageObject\",\"inLanguage\":\"nb-NO\",\"@id\":\"https:\\\/\\\/lmarsports.com\\\/test\\\/pride-pins\\\/trans-pride-pin\\\/#primaryimage\",\"url\":\"https:\\\/\\\/lmarsports.com\\\/test\\\/wp-content\\\/uploads\\\/2024\\\/11\\\/Transseksuell-pride-pin.png\",\"contentUrl\":\"https:\\\/\\\/lmarsports.com\\\/test\\\/wp-content\\\/uploads\\\/2024\\\/11\\\/Transseksuell-pride-pin.png\",\"width\":800,\"height\":800},{\"@type\":\"BreadcrumbList\",\"@id\":\"https:\\\/\\\/lmarsports.com\\\/test\\\/pride-pins\\\/trans-pride-pin\\\/#breadcrumb\",\"itemListElement\":[{\"@type\":\"ListItem\",\"position\":1,\"name\":\"Hjem\",\"item\":\"https:\\\/\\\/lmarsports.com\\\/test\\\/\"},{\"@type\":\"ListItem\",\"position\":2,\"name\":\"Butikk\",\"item\":\"https:\\\/\\\/lmarsports.com\\\/test\\\/butikk\\\/\"},{\"@type\":\"ListItem\",\"position\":3,\"name\":\"Trans pride pin\"}]},{\"@type\":\"WebSite\",\"@id\":\"https:\\\/\\\/lmarsports.com\\\/test\\\/#website\",\"url\":\"https:\\\/\\\/lmarsports.com\\\/test\\\/\",\"name\":\"Prideshoppen - Pride butikk med kl\u00e6r og merch\",\"description\":\"Pride er for alle\",\"publisher\":{\"@id\":\"https:\\\/\\\/lmarsports.com\\\/test\\\/#organization\"},\"potentialAction\":[{\"@type\":\"SearchAction\",\"target\":{\"@type\":\"EntryPoint\",\"urlTemplate\":\"https:\\\/\\\/lmarsports.com\\\/test\\\/?s={search_term_string}\"},\"query-input\":{\"@type\":\"PropertyValueSpecification\",\"valueRequired\":true,\"valueName\":\"search_term_string\"}}],\"inLanguage\":\"nb-NO\"},{\"@type\":\"Organization\",\"@id\":\"https:\\\/\\\/lmarsports.com\\\/test\\\/#organization\",\"name\":\"Prideshoppen - Pride butikk med kl\u00e6r og merch\",\"url\":\"https:\\\/\\\/lmarsports.com\\\/test\\\/\",\"logo\":{\"@type\":\"ImageObject\",\"inLanguage\":\"nb-NO\",\"@id\":\"https:\\\/\\\/lmarsports.com\\\/test\\\/#\\\/schema\\\/logo\\\/image\\\/\",\"url\":\"https:\\\/\\\/lmarsports.com\\\/test\\\/wp-content\\\/uploads\\\/2024\\\/09\\\/Prideshoppen-_logo_black.jpg\",\"contentUrl\":\"https:\\\/\\\/lmarsports.com\\\/test\\\/wp-content\\\/uploads\\\/2024\\\/09\\\/Prideshoppen-_logo_black.jpg\",\"width\":2185,\"height\":596,\"caption\":\"Prideshoppen - Pride butikk med kl\u00e6r og merch\"},\"image\":{\"@id\":\"https:\\\/\\\/lmarsports.com\\\/test\\\/#\\\/schema\\\/logo\\\/image\\\/\"},\"sameAs\":[\"https:\\\/\\\/facebook.com\\\/Prideshoppen\"]}]}<\/script>\n<!-- \/ Yoast SEO plugin. -->","yoast_head_json":{"title":"Trans pride pin - Prideshoppen - Pride butikk med kl\u00e6r, merch, flagg og alt til pride","description":"En nydelig pride pin med 5 farger fra transflagget. B\u00e6r den med stolthet. Prideshoppen.no har over 30 ulike pride pins. Ta gjerne en titt. \ud83c\udf08\u2764\ufe0f","robots":{"index":"index","follow":"follow","max-snippet":"max-snippet:-1","max-image-preview":"max-image-preview:large","max-video-preview":"max-video-preview:-1"},"canonical":"https:\/\/lmarsports.com\/test\/pride-pins\/trans-pride-pin\/","og_locale":"nb_NO","og_type":"article","og_title":"Trans pride pin - Prideshoppen - Pride butikk med kl\u00e6r, merch, flagg og alt til pride","og_description":"En nydelig pride pin med 5 farger fra transflagget. B\u00e6r den med stolthet. Prideshoppen.no har over 30 ulike pride pins. Ta gjerne en titt. \ud83c\udf08\u2764\ufe0f","og_url":"https:\/\/lmarsports.com\/test\/pride-pins\/trans-pride-pin\/","og_site_name":"Prideshoppen - Pride butikk med kl\u00e6r, merch, flagg og alt til pride","article_publisher":"https:\/\/facebook.com\/Prideshoppen","article_modified_time":"2026-03-18T12:25:51+00:00","og_image":[{"width":800,"height":800,"url":"https:\/\/lmarsports.com\/test\/wp-content\/uploads\/2024\/11\/Transseksuell-pride-pin.png","type":"image\/png"}],"twitter_card":"summary_large_image","twitter_misc":{"Ansl. lesetid":"2 minutter"},"schema":{"@context":"https:\/\/schema.org","@graph":[{"@type":"WebPage","@id":"https:\/\/lmarsports.com\/test\/pride-pins\/trans-pride-pin\/","url":"https:\/\/lmarsports.com\/test\/pride-pins\/trans-pride-pin\/","name":"Trans pride pin - Prideshoppen - Pride butikk med kl\u00e6r, merch, flagg og alt til pride","isPartOf":{"@id":"https:\/\/lmarsports.com\/test\/#website"},"primaryImageOfPage":{"@id":"https:\/\/lmarsports.com\/test\/pride-pins\/trans-pride-pin\/#primaryimage"},"image":{"@id":"https:\/\/lmarsports.com\/test\/pride-pins\/trans-pride-pin\/#primaryimage"},"thumbnailUrl":"https:\/\/lmarsports.com\/test\/wp-content\/uploads\/2024\/11\/Transseksuell-pride-pin.png","datePublished":"2025-05-08T16:07:40+00:00","dateModified":"2026-03-18T12:25:51+00:00","description":"En nydelig pride pin med 5 farger fra transflagget. B\u00e6r den med stolthet. Prideshoppen.no har over 30 ulike pride pins. Ta gjerne en titt. \ud83c\udf08\u2764\ufe0f","breadcrumb":{"@id":"https:\/\/lmarsports.com\/test\/pride-pins\/trans-pride-pin\/#breadcrumb"},"inLanguage":"nb-NO","potentialAction":[{"@type":"ReadAction","target":["https:\/\/lmarsports.com\/test\/pride-pins\/trans-pride-pin\/"]}]},{"@type":"ImageObject","inLanguage":"nb-NO","@id":"https:\/\/lmarsports.com\/test\/pride-pins\/trans-pride-pin\/#primaryimage","url":"https:\/\/lmarsports.com\/test\/wp-content\/uploads\/2024\/11\/Transseksuell-pride-pin.png","contentUrl":"https:\/\/lmarsports.com\/test\/wp-content\/uploads\/2024\/11\/Transseksuell-pride-pin.png","width":800,"height":800},{"@type":"BreadcrumbList","@id":"https:\/\/lmarsports.com\/test\/pride-pins\/trans-pride-pin\/#breadcrumb","itemListElement":[{"@type":"ListItem","position":1,"name":"Hjem","item":"https:\/\/lmarsports.com\/test\/"},{"@type":"ListItem","position":2,"name":"Butikk","item":"https:\/\/lmarsports.com\/test\/butikk\/"},{"@type":"ListItem","position":3,"name":"Trans pride pin"}]},{"@type":"WebSite","@id":"https:\/\/lmarsports.com\/test\/#website","url":"https:\/\/lmarsports.com\/test\/","name":"Prideshoppen - Pride butikk med kl\u00e6r og merch","description":"Pride er for alle","publisher":{"@id":"https:\/\/lmarsports.com\/test\/#organization"},"potentialAction":[{"@type":"SearchAction","target":{"@type":"EntryPoint","urlTemplate":"https:\/\/lmarsports.com\/test\/?s={search_term_string}"},"query-input":{"@type":"PropertyValueSpecification","valueRequired":true,"valueName":"search_term_string"}}],"inLanguage":"nb-NO"},{"@type":"Organization","@id":"https:\/\/lmarsports.com\/test\/#organization","name":"Prideshoppen - Pride butikk med kl\u00e6r og merch","url":"https:\/\/lmarsports.com\/test\/","logo":{"@type":"ImageObject","inLanguage":"nb-NO","@id":"https:\/\/lmarsports.com\/test\/#\/schema\/logo\/image\/","url":"https:\/\/lmarsports.com\/test\/wp-content\/uploads\/2024\/09\/Prideshoppen-_logo_black.jpg","contentUrl":"https:\/\/lmarsports.com\/test\/wp-content\/uploads\/2024\/09\/Prideshoppen-_logo_black.jpg","width":2185,"height":596,"caption":"Prideshoppen - Pride butikk med kl\u00e6r og merch"},"image":{"@id":"https:\/\/lmarsports.com\/test\/#\/schema\/logo\/image\/"},"sameAs":["https:\/\/facebook.com\/Prideshoppen"]}]}},"_links":{"self":[{"href":"https:\/\/lmarsports.com\/test\/wp-json\/wp\/v2\/product\/4716","targetHints":{"allow":["GET"]}}],"collection":[{"href":"https:\/\/lmarsports.com\/test\/wp-json\/wp\/v2\/product"}],"about":[{"href":"https:\/\/lmarsports.com\/test\/wp-json\/wp\/v2\/types\/product"}],"replies":[{"embeddable":true,"href":"https:\/\/lmarsports.com\/test\/wp-json\/wp\/v2\/comments?post=4716"}],"wp:featuredmedia":[{"embeddable":true,"href":"https:\/\/lmarsports.com\/test\/wp-json\/wp\/v2\/media\/4695"}],"wp:attachment":[{"href":"https:\/\/lmarsports.com\/test\/wp-json\/wp\/v2\/media?parent=4716"}],"wp:term":[{"taxonomy":"product_brand","embeddable":true,"href":"https:\/\/lmarsports.com\/test\/wp-json\/wp\/v2\/product_brand?post=4716"},{"taxonomy":"product_cat","embeddable":true,"href":"https:\/\/lmarsports.com\/test\/wp-json\/wp\/v2\/product_cat?post=4716"},{"taxonomy":"product_tag","embeddable":true,"href":"https:\/\/lmarsports.com\/test\/wp-json\/wp\/v2\/product_tag?post=4716"}],"curies":[{"name":"wp","href":"https:\/\/api.w.org\/{rel}","templated":true}]}}