{"id":4680,"date":"2025-05-06T21:12:08","date_gmt":"2025-05-06T19:12:08","guid":{"rendered":"https:\/\/prideshoppen.no\/?post_type=product&#038;p=4680"},"modified":"2026-03-19T18:08:43","modified_gmt":"2026-03-19T17:08:43","slug":"bjorneflagg-pride-pin","status":"publish","type":"product","link":"https:\/\/lmarsports.com\/test\/pride-pins\/bjorneflagg-pride-pin\/","title":{"rendered":"Bj\u00f8rneflagg pride pin"},"content":{"rendered":"<p>Bj\u00f8rn er et symbol innen homokultur og betyr en mann som er feit, h\u00e5rete eller begge deler. Selve begrepet kan fungere som en identitet eller tilknytning. Det p\u00e5g\u00e5r debatter i bj\u00f8rnemilj\u00f8ene om hva en bj\u00f8rn er. Bj\u00f8rn kan ogs\u00e5 bety at man er en bifil mann.<\/p>\n<p>For mange anses bj\u00f8rn i denne kulturen som naturlig maskulinitet og naturlige kropper. Det at folk har en f\u00f8lelse av komfort i sin egen kropp. Vil du vise din st\u00f8tte til bj\u00f8rnesamfunnet eller kjenner du noen du vil gi denne bj\u00f8rneflagg pride pin i gave? Du er velkommen til \u00e5 kj\u00f8pe fra oss, vi er sikre p\u00e5 at du blir forn\u00f8yd\ud83c\udf08\ud83d\udc3b\u2764\ufe0f<\/p>\n<p>Dette er betydningen av fargene i bj\u00f8rneflagget:<\/p>\n<ul>\n<li>Jordbrun: Disse fargene representerer de rike fargetonene til grizzlybj\u00f8rn og svartbj\u00f8rn. Fargene symboliserer styrke, tilknytning til naturen og jordforbindelse.<\/li>\n<li>Varm oransje og gull: Disse fargene framkaller den str\u00e5lende pelsen til l\u00f8ver og malayabj\u00f8rnen eller &#8220;sun bear&#8221; p\u00e5 engelsk. Fargene utstr\u00e5ler selvtillit, energi og et snev av lekne rampestreker.<\/li>\n<li>Solkyssede brunfarger og kremhvite: Disse fargene, som minner om isbj\u00f8rner og pandaer, st\u00e5r for mildhet, im\u00f8tekommende omfavnelse og vennlighet.<\/li>\n<li>Gr\u00e5brune og dypsvarte: Inspirert av jerv og den majestetiske svartbj\u00f8rnen fra Alaska. Disse fargene henspeiler til motstandskraft, visdom og den utholdende \u00e5nden i bj\u00f8rnesamfunnet.<\/li>\n<\/ul>\n<p>Vil du vise din st\u00f8tte til bj\u00f8rne-samfunnet? Da er denne pin perfekt. Den har en n\u00e5l p\u00e5 baksiden som gj\u00f8r det enkelt \u00e5 feste p\u00e5 kl\u00e6r. Kj\u00f8p den i dag, vi sender raskt. \ud83c\udf08\ud83d\udc3b\u2764\ufe0f<\/p>\n","protected":false},"excerpt":{"rendered":"<p>En stilig pin med bj\u00f8rne-tema. Kj\u00f8p denne pin i gave eller til deg selv \ud83c\udf08\ud83d\udc3b\u2764\ufe0f<\/p>\n","protected":false},"featured_media":4681,"comment_status":"open","ping_status":"closed","template":"","meta":{"inline_featured_image":false},"product_brand":[],"product_cat":[87],"product_tag":[88,89,90],"class_list":{"0":"post-4680","1":"product","2":"type-product","3":"status-publish","4":"has-post-thumbnail","6":"product_cat-pride-pins","7":"product_tag-bjorne-pin","8":"product_tag-homo-pride-pin","9":"product_tag-homofili-pride-pin","10":"col-12 col-sm-6 col-md-4 col-lg-3","12":"first","13":"instock","14":"taxable","15":"shipping-taxable","16":"purchasable","17":"product-type-simple"},"yoast_head":"<!-- This site is optimized with the Yoast SEO plugin v27.5 - https:\/\/yoast.com\/product\/yoast-seo-wordpress\/ -->\n<title>Bj\u00f8rneflagg pride pin - Prideshoppen - Pride butikk med kl\u00e6r, merch, flagg og alt til pride<\/title>\n<meta name=\"description\" content=\"Dette er en stilig pride pin som viser st\u00f8tte til bj\u00f8rnesamfunnet. Bj\u00f8rn er et symbol innen homokultur, og denne er perfekt for \u00e5 vise din st\u00f8tte. \ud83c\udf08\ud83d\udc3b\u2764\ufe0f\" \/>\n<meta name=\"robots\" content=\"index, follow, max-snippet:-1, max-image-preview:large, max-video-preview:-1\" \/>\n<link rel=\"canonical\" href=\"https:\/\/lmarsports.com\/test\/pride-pins\/bjorneflagg-pride-pin\/\" \/>\n<meta property=\"og:locale\" content=\"nb_NO\" \/>\n<meta property=\"og:type\" content=\"article\" \/>\n<meta property=\"og:title\" content=\"Bj\u00f8rneflagg pride pin - Prideshoppen - Pride butikk med kl\u00e6r, merch, flagg og alt til pride\" \/>\n<meta property=\"og:description\" content=\"Dette er en stilig pride pin som viser st\u00f8tte til bj\u00f8rnesamfunnet. Bj\u00f8rn er et symbol innen homokultur, og denne er perfekt for \u00e5 vise din st\u00f8tte. \ud83c\udf08\ud83d\udc3b\u2764\ufe0f\" \/>\n<meta property=\"og:url\" content=\"https:\/\/lmarsports.com\/test\/pride-pins\/bjorneflagg-pride-pin\/\" \/>\n<meta property=\"og:site_name\" content=\"Prideshoppen - Pride butikk med kl\u00e6r, merch, flagg og alt til pride\" \/>\n<meta property=\"article:publisher\" content=\"https:\/\/facebook.com\/Prideshoppen\" \/>\n<meta property=\"article:modified_time\" content=\"2026-03-19T17:08:43+00:00\" \/>\n<meta property=\"og:image\" content=\"https:\/\/lmarsports.com\/test\/wp-content\/uploads\/2024\/11\/Bjorneflagg-pride-pin.png\" \/>\n\t<meta property=\"og:image:width\" content=\"800\" \/>\n\t<meta property=\"og:image:height\" content=\"800\" \/>\n\t<meta property=\"og:image:type\" content=\"image\/png\" \/>\n<meta name=\"twitter:card\" content=\"summary_large_image\" \/>\n<meta name=\"twitter:label1\" content=\"Ansl. lesetid\" \/>\n\t<meta name=\"twitter:data1\" content=\"2 minutter\" \/>\n<script type=\"application\/ld+json\" class=\"yoast-schema-graph\">{\"@context\":\"https:\\\/\\\/schema.org\",\"@graph\":[{\"@type\":\"WebPage\",\"@id\":\"https:\\\/\\\/lmarsports.com\\\/test\\\/pride-pins\\\/bjorneflagg-pride-pin\\\/\",\"url\":\"https:\\\/\\\/lmarsports.com\\\/test\\\/pride-pins\\\/bjorneflagg-pride-pin\\\/\",\"name\":\"Bj\u00f8rneflagg pride pin - Prideshoppen - Pride butikk med kl\u00e6r, merch, flagg og alt til pride\",\"isPartOf\":{\"@id\":\"https:\\\/\\\/lmarsports.com\\\/test\\\/#website\"},\"primaryImageOfPage\":{\"@id\":\"https:\\\/\\\/lmarsports.com\\\/test\\\/pride-pins\\\/bjorneflagg-pride-pin\\\/#primaryimage\"},\"image\":{\"@id\":\"https:\\\/\\\/lmarsports.com\\\/test\\\/pride-pins\\\/bjorneflagg-pride-pin\\\/#primaryimage\"},\"thumbnailUrl\":\"https:\\\/\\\/lmarsports.com\\\/test\\\/wp-content\\\/uploads\\\/2024\\\/11\\\/Bjorneflagg-pride-pin.png\",\"datePublished\":\"2025-05-06T19:12:08+00:00\",\"dateModified\":\"2026-03-19T17:08:43+00:00\",\"description\":\"Dette er en stilig pride pin som viser st\u00f8tte til bj\u00f8rnesamfunnet. Bj\u00f8rn er et symbol innen homokultur, og denne er perfekt for \u00e5 vise din st\u00f8tte. \ud83c\udf08\ud83d\udc3b\u2764\ufe0f\",\"breadcrumb\":{\"@id\":\"https:\\\/\\\/lmarsports.com\\\/test\\\/pride-pins\\\/bjorneflagg-pride-pin\\\/#breadcrumb\"},\"inLanguage\":\"nb-NO\",\"potentialAction\":[{\"@type\":\"ReadAction\",\"target\":[\"https:\\\/\\\/lmarsports.com\\\/test\\\/pride-pins\\\/bjorneflagg-pride-pin\\\/\"]}]},{\"@type\":\"ImageObject\",\"inLanguage\":\"nb-NO\",\"@id\":\"https:\\\/\\\/lmarsports.com\\\/test\\\/pride-pins\\\/bjorneflagg-pride-pin\\\/#primaryimage\",\"url\":\"https:\\\/\\\/lmarsports.com\\\/test\\\/wp-content\\\/uploads\\\/2024\\\/11\\\/Bjorneflagg-pride-pin.png\",\"contentUrl\":\"https:\\\/\\\/lmarsports.com\\\/test\\\/wp-content\\\/uploads\\\/2024\\\/11\\\/Bjorneflagg-pride-pin.png\",\"width\":800,\"height\":800},{\"@type\":\"BreadcrumbList\",\"@id\":\"https:\\\/\\\/lmarsports.com\\\/test\\\/pride-pins\\\/bjorneflagg-pride-pin\\\/#breadcrumb\",\"itemListElement\":[{\"@type\":\"ListItem\",\"position\":1,\"name\":\"Hjem\",\"item\":\"https:\\\/\\\/lmarsports.com\\\/test\\\/\"},{\"@type\":\"ListItem\",\"position\":2,\"name\":\"Butikk\",\"item\":\"https:\\\/\\\/lmarsports.com\\\/test\\\/butikk\\\/\"},{\"@type\":\"ListItem\",\"position\":3,\"name\":\"Bj\u00f8rneflagg pride pin\"}]},{\"@type\":\"WebSite\",\"@id\":\"https:\\\/\\\/lmarsports.com\\\/test\\\/#website\",\"url\":\"https:\\\/\\\/lmarsports.com\\\/test\\\/\",\"name\":\"Prideshoppen - Pride butikk med kl\u00e6r og merch\",\"description\":\"Pride er for alle\",\"publisher\":{\"@id\":\"https:\\\/\\\/lmarsports.com\\\/test\\\/#organization\"},\"potentialAction\":[{\"@type\":\"SearchAction\",\"target\":{\"@type\":\"EntryPoint\",\"urlTemplate\":\"https:\\\/\\\/lmarsports.com\\\/test\\\/?s={search_term_string}\"},\"query-input\":{\"@type\":\"PropertyValueSpecification\",\"valueRequired\":true,\"valueName\":\"search_term_string\"}}],\"inLanguage\":\"nb-NO\"},{\"@type\":\"Organization\",\"@id\":\"https:\\\/\\\/lmarsports.com\\\/test\\\/#organization\",\"name\":\"Prideshoppen - Pride butikk med kl\u00e6r og merch\",\"url\":\"https:\\\/\\\/lmarsports.com\\\/test\\\/\",\"logo\":{\"@type\":\"ImageObject\",\"inLanguage\":\"nb-NO\",\"@id\":\"https:\\\/\\\/lmarsports.com\\\/test\\\/#\\\/schema\\\/logo\\\/image\\\/\",\"url\":\"https:\\\/\\\/lmarsports.com\\\/test\\\/wp-content\\\/uploads\\\/2024\\\/09\\\/Prideshoppen-_logo_black.jpg\",\"contentUrl\":\"https:\\\/\\\/lmarsports.com\\\/test\\\/wp-content\\\/uploads\\\/2024\\\/09\\\/Prideshoppen-_logo_black.jpg\",\"width\":2185,\"height\":596,\"caption\":\"Prideshoppen - Pride butikk med kl\u00e6r og merch\"},\"image\":{\"@id\":\"https:\\\/\\\/lmarsports.com\\\/test\\\/#\\\/schema\\\/logo\\\/image\\\/\"},\"sameAs\":[\"https:\\\/\\\/facebook.com\\\/Prideshoppen\"]}]}<\/script>\n<!-- \/ Yoast SEO plugin. -->","yoast_head_json":{"title":"Bj\u00f8rneflagg pride pin - Prideshoppen - Pride butikk med kl\u00e6r, merch, flagg og alt til pride","description":"Dette er en stilig pride pin som viser st\u00f8tte til bj\u00f8rnesamfunnet. Bj\u00f8rn er et symbol innen homokultur, og denne er perfekt for \u00e5 vise din st\u00f8tte. \ud83c\udf08\ud83d\udc3b\u2764\ufe0f","robots":{"index":"index","follow":"follow","max-snippet":"max-snippet:-1","max-image-preview":"max-image-preview:large","max-video-preview":"max-video-preview:-1"},"canonical":"https:\/\/lmarsports.com\/test\/pride-pins\/bjorneflagg-pride-pin\/","og_locale":"nb_NO","og_type":"article","og_title":"Bj\u00f8rneflagg pride pin - Prideshoppen - Pride butikk med kl\u00e6r, merch, flagg og alt til pride","og_description":"Dette er en stilig pride pin som viser st\u00f8tte til bj\u00f8rnesamfunnet. Bj\u00f8rn er et symbol innen homokultur, og denne er perfekt for \u00e5 vise din st\u00f8tte. \ud83c\udf08\ud83d\udc3b\u2764\ufe0f","og_url":"https:\/\/lmarsports.com\/test\/pride-pins\/bjorneflagg-pride-pin\/","og_site_name":"Prideshoppen - Pride butikk med kl\u00e6r, merch, flagg og alt til pride","article_publisher":"https:\/\/facebook.com\/Prideshoppen","article_modified_time":"2026-03-19T17:08:43+00:00","og_image":[{"width":800,"height":800,"url":"https:\/\/lmarsports.com\/test\/wp-content\/uploads\/2024\/11\/Bjorneflagg-pride-pin.png","type":"image\/png"}],"twitter_card":"summary_large_image","twitter_misc":{"Ansl. lesetid":"2 minutter"},"schema":{"@context":"https:\/\/schema.org","@graph":[{"@type":"WebPage","@id":"https:\/\/lmarsports.com\/test\/pride-pins\/bjorneflagg-pride-pin\/","url":"https:\/\/lmarsports.com\/test\/pride-pins\/bjorneflagg-pride-pin\/","name":"Bj\u00f8rneflagg pride pin - Prideshoppen - Pride butikk med kl\u00e6r, merch, flagg og alt til pride","isPartOf":{"@id":"https:\/\/lmarsports.com\/test\/#website"},"primaryImageOfPage":{"@id":"https:\/\/lmarsports.com\/test\/pride-pins\/bjorneflagg-pride-pin\/#primaryimage"},"image":{"@id":"https:\/\/lmarsports.com\/test\/pride-pins\/bjorneflagg-pride-pin\/#primaryimage"},"thumbnailUrl":"https:\/\/lmarsports.com\/test\/wp-content\/uploads\/2024\/11\/Bjorneflagg-pride-pin.png","datePublished":"2025-05-06T19:12:08+00:00","dateModified":"2026-03-19T17:08:43+00:00","description":"Dette er en stilig pride pin som viser st\u00f8tte til bj\u00f8rnesamfunnet. Bj\u00f8rn er et symbol innen homokultur, og denne er perfekt for \u00e5 vise din st\u00f8tte. \ud83c\udf08\ud83d\udc3b\u2764\ufe0f","breadcrumb":{"@id":"https:\/\/lmarsports.com\/test\/pride-pins\/bjorneflagg-pride-pin\/#breadcrumb"},"inLanguage":"nb-NO","potentialAction":[{"@type":"ReadAction","target":["https:\/\/lmarsports.com\/test\/pride-pins\/bjorneflagg-pride-pin\/"]}]},{"@type":"ImageObject","inLanguage":"nb-NO","@id":"https:\/\/lmarsports.com\/test\/pride-pins\/bjorneflagg-pride-pin\/#primaryimage","url":"https:\/\/lmarsports.com\/test\/wp-content\/uploads\/2024\/11\/Bjorneflagg-pride-pin.png","contentUrl":"https:\/\/lmarsports.com\/test\/wp-content\/uploads\/2024\/11\/Bjorneflagg-pride-pin.png","width":800,"height":800},{"@type":"BreadcrumbList","@id":"https:\/\/lmarsports.com\/test\/pride-pins\/bjorneflagg-pride-pin\/#breadcrumb","itemListElement":[{"@type":"ListItem","position":1,"name":"Hjem","item":"https:\/\/lmarsports.com\/test\/"},{"@type":"ListItem","position":2,"name":"Butikk","item":"https:\/\/lmarsports.com\/test\/butikk\/"},{"@type":"ListItem","position":3,"name":"Bj\u00f8rneflagg pride pin"}]},{"@type":"WebSite","@id":"https:\/\/lmarsports.com\/test\/#website","url":"https:\/\/lmarsports.com\/test\/","name":"Prideshoppen - Pride butikk med kl\u00e6r og merch","description":"Pride er for alle","publisher":{"@id":"https:\/\/lmarsports.com\/test\/#organization"},"potentialAction":[{"@type":"SearchAction","target":{"@type":"EntryPoint","urlTemplate":"https:\/\/lmarsports.com\/test\/?s={search_term_string}"},"query-input":{"@type":"PropertyValueSpecification","valueRequired":true,"valueName":"search_term_string"}}],"inLanguage":"nb-NO"},{"@type":"Organization","@id":"https:\/\/lmarsports.com\/test\/#organization","name":"Prideshoppen - Pride butikk med kl\u00e6r og merch","url":"https:\/\/lmarsports.com\/test\/","logo":{"@type":"ImageObject","inLanguage":"nb-NO","@id":"https:\/\/lmarsports.com\/test\/#\/schema\/logo\/image\/","url":"https:\/\/lmarsports.com\/test\/wp-content\/uploads\/2024\/09\/Prideshoppen-_logo_black.jpg","contentUrl":"https:\/\/lmarsports.com\/test\/wp-content\/uploads\/2024\/09\/Prideshoppen-_logo_black.jpg","width":2185,"height":596,"caption":"Prideshoppen - Pride butikk med kl\u00e6r og merch"},"image":{"@id":"https:\/\/lmarsports.com\/test\/#\/schema\/logo\/image\/"},"sameAs":["https:\/\/facebook.com\/Prideshoppen"]}]}},"_links":{"self":[{"href":"https:\/\/lmarsports.com\/test\/wp-json\/wp\/v2\/product\/4680","targetHints":{"allow":["GET"]}}],"collection":[{"href":"https:\/\/lmarsports.com\/test\/wp-json\/wp\/v2\/product"}],"about":[{"href":"https:\/\/lmarsports.com\/test\/wp-json\/wp\/v2\/types\/product"}],"replies":[{"embeddable":true,"href":"https:\/\/lmarsports.com\/test\/wp-json\/wp\/v2\/comments?post=4680"}],"wp:featuredmedia":[{"embeddable":true,"href":"https:\/\/lmarsports.com\/test\/wp-json\/wp\/v2\/media\/4681"}],"wp:attachment":[{"href":"https:\/\/lmarsports.com\/test\/wp-json\/wp\/v2\/media?parent=4680"}],"wp:term":[{"taxonomy":"product_brand","embeddable":true,"href":"https:\/\/lmarsports.com\/test\/wp-json\/wp\/v2\/product_brand?post=4680"},{"taxonomy":"product_cat","embeddable":true,"href":"https:\/\/lmarsports.com\/test\/wp-json\/wp\/v2\/product_cat?post=4680"},{"taxonomy":"product_tag","embeddable":true,"href":"https:\/\/lmarsports.com\/test\/wp-json\/wp\/v2\/product_tag?post=4680"}],"curies":[{"name":"wp","href":"https:\/\/api.w.org\/{rel}","templated":true}]}}