{"id":4650,"date":"2025-05-05T19:38:58","date_gmt":"2025-05-05T17:38:58","guid":{"rendered":"https:\/\/prideshoppen.no\/?post_type=product&#038;p=4650"},"modified":"2026-03-20T21:55:00","modified_gmt":"2026-03-20T20:55:00","slug":"love-hjerte-pin-pride","status":"publish","type":"product","link":"https:\/\/lmarsports.com\/test\/pride-pins\/love-hjerte-pin-pride\/","title":{"rendered":"Love hjerte pin pride"},"content":{"rendered":"<p>Et s\u00f8tt pride-hjerte med teksten \u00ablove\u00bb. En pride pin som symboliserer kj\u00e6rlighet mellom alle mennesker. Pride symboliserer frihet og likhet og ved \u00e5 kj\u00f8pe denne pride pin vil du f\u00e5 et ekte symbol p\u00e5 nettopp dette. \ud83c\udf08\u2764\ufe0f<\/p>\n<p>Pride-bevegelsen har v\u00e6rt under press internasjonalt, men aldri f\u00f8r har s\u00e5 mange g\u00e5tt i pride-tog. Det er et paradoks, og viser at folkemassene og de styrende er p\u00e5 kollisjonskurs. P\u00e5 grunn av dette, s\u00e5 ser vi det som viktigere enn noen gang \u00e5 vise st\u00f8tte til LGBTQ+-milj\u00f8et. Da kan det \u00e5 g\u00e5 med pride pins v\u00e6re noe som man gj\u00f8r for \u00e5 vise st\u00f8tte til homofiles rettigheter.<\/p>\n<p>Er du like glad i pride pins som oss? Vi elsker dem, og har per dags dato over 30 ulike pins. Vi vil stadig utvide for \u00e5 gi deg det beste utvalget av pride pins du kan finne i Norge.<\/p>\n<p>Vil du vise din st\u00f8tte til pride, s\u00e5 ta gjerne en titt p\u00e5 v\u00e5re pride pins her: <span style=\"color: #3366ff;\"><a style=\"color: #3366ff;\" href=\"https:\/\/lmarsports.com\/test\/pride-lgbtq-pin\">Pride pins<\/a><\/span><\/p>\n<p>Kj\u00f8per du denne love pride pin i dag, s\u00e5 sender vi raskt til deg. \ud83c\udf08\u2764\ufe0f<\/p>\n","protected":false},"excerpt":{"rendered":"<p>Nydelig pride pin med teksten \u00ablove\u00bb. Et symbol for kj\u00e6rlighet mellom alle mennesker uavhengig av kj\u00f8nn eller legning. Kj\u00f8p denne for \u00e5 vise din st\u00f8tte til pride \ud83c\udf08\u2764\ufe0f<\/p>\n","protected":false},"featured_media":4651,"comment_status":"open","ping_status":"closed","template":"","meta":{"inline_featured_image":false},"product_brand":[],"product_cat":[87],"product_tag":[],"class_list":{"0":"post-4650","1":"product","2":"type-product","3":"status-publish","4":"has-post-thumbnail","6":"product_cat-pride-pins","7":"col-12 col-sm-6 col-md-4 col-lg-3","9":"first","10":"instock","11":"taxable","12":"shipping-taxable","13":"purchasable","14":"product-type-simple"},"yoast_head":"<!-- This site is optimized with the Yoast SEO plugin v27.5 - https:\/\/yoast.com\/product\/yoast-seo-wordpress\/ -->\n<title>Love hjerte pin pride - Prideshoppen - Pride butikk med kl\u00e6r, merch, flagg og alt til pride<\/title>\n<meta name=\"description\" content=\"En nydelig pride pin med teksten &quot;Love&quot;. Utformet som et hjerte. I regnbuens farger gj\u00f8r det til en vakker pride pin. Vi har over 30 ulike pride pins.\" \/>\n<meta name=\"robots\" content=\"index, follow, max-snippet:-1, max-image-preview:large, max-video-preview:-1\" \/>\n<link rel=\"canonical\" href=\"https:\/\/lmarsports.com\/test\/pride-pins\/love-hjerte-pin-pride\/\" \/>\n<meta property=\"og:locale\" content=\"nb_NO\" \/>\n<meta property=\"og:type\" content=\"article\" \/>\n<meta property=\"og:title\" content=\"Love hjerte pin pride - Prideshoppen - Pride butikk med kl\u00e6r, merch, flagg og alt til pride\" \/>\n<meta property=\"og:description\" content=\"En nydelig pride pin med teksten &quot;Love&quot;. Utformet som et hjerte. I regnbuens farger gj\u00f8r det til en vakker pride pin. Vi har over 30 ulike pride pins.\" \/>\n<meta property=\"og:url\" content=\"https:\/\/lmarsports.com\/test\/pride-pins\/love-hjerte-pin-pride\/\" \/>\n<meta property=\"og:site_name\" content=\"Prideshoppen - Pride butikk med kl\u00e6r, merch, flagg og alt til pride\" \/>\n<meta property=\"article:publisher\" content=\"https:\/\/facebook.com\/Prideshoppen\" \/>\n<meta property=\"article:modified_time\" content=\"2026-03-20T20:55:00+00:00\" \/>\n<meta property=\"og:image\" content=\"https:\/\/lmarsports.com\/test\/wp-content\/uploads\/2024\/10\/love-hjerte-pin-pride.png\" \/>\n\t<meta property=\"og:image:width\" content=\"1000\" \/>\n\t<meta property=\"og:image:height\" content=\"1000\" \/>\n\t<meta property=\"og:image:type\" content=\"image\/png\" \/>\n<meta name=\"twitter:card\" content=\"summary_large_image\" \/>\n<meta name=\"twitter:label1\" content=\"Ansl. lesetid\" \/>\n\t<meta name=\"twitter:data1\" content=\"2 minutter\" \/>\n<script type=\"application\/ld+json\" class=\"yoast-schema-graph\">{\"@context\":\"https:\\\/\\\/schema.org\",\"@graph\":[{\"@type\":\"WebPage\",\"@id\":\"https:\\\/\\\/lmarsports.com\\\/test\\\/pride-pins\\\/love-hjerte-pin-pride\\\/\",\"url\":\"https:\\\/\\\/lmarsports.com\\\/test\\\/pride-pins\\\/love-hjerte-pin-pride\\\/\",\"name\":\"Love hjerte pin pride - Prideshoppen - Pride butikk med kl\u00e6r, merch, flagg og alt til pride\",\"isPartOf\":{\"@id\":\"https:\\\/\\\/lmarsports.com\\\/test\\\/#website\"},\"primaryImageOfPage\":{\"@id\":\"https:\\\/\\\/lmarsports.com\\\/test\\\/pride-pins\\\/love-hjerte-pin-pride\\\/#primaryimage\"},\"image\":{\"@id\":\"https:\\\/\\\/lmarsports.com\\\/test\\\/pride-pins\\\/love-hjerte-pin-pride\\\/#primaryimage\"},\"thumbnailUrl\":\"https:\\\/\\\/lmarsports.com\\\/test\\\/wp-content\\\/uploads\\\/2024\\\/10\\\/love-hjerte-pin-pride.png\",\"datePublished\":\"2025-05-05T17:38:58+00:00\",\"dateModified\":\"2026-03-20T20:55:00+00:00\",\"description\":\"En nydelig pride pin med teksten \\\"Love\\\". Utformet som et hjerte. I regnbuens farger gj\u00f8r det til en vakker pride pin. Vi har over 30 ulike pride pins.\",\"breadcrumb\":{\"@id\":\"https:\\\/\\\/lmarsports.com\\\/test\\\/pride-pins\\\/love-hjerte-pin-pride\\\/#breadcrumb\"},\"inLanguage\":\"nb-NO\",\"potentialAction\":[{\"@type\":\"ReadAction\",\"target\":[\"https:\\\/\\\/lmarsports.com\\\/test\\\/pride-pins\\\/love-hjerte-pin-pride\\\/\"]}]},{\"@type\":\"ImageObject\",\"inLanguage\":\"nb-NO\",\"@id\":\"https:\\\/\\\/lmarsports.com\\\/test\\\/pride-pins\\\/love-hjerte-pin-pride\\\/#primaryimage\",\"url\":\"https:\\\/\\\/lmarsports.com\\\/test\\\/wp-content\\\/uploads\\\/2024\\\/10\\\/love-hjerte-pin-pride.png\",\"contentUrl\":\"https:\\\/\\\/lmarsports.com\\\/test\\\/wp-content\\\/uploads\\\/2024\\\/10\\\/love-hjerte-pin-pride.png\",\"width\":1000,\"height\":1000},{\"@type\":\"BreadcrumbList\",\"@id\":\"https:\\\/\\\/lmarsports.com\\\/test\\\/pride-pins\\\/love-hjerte-pin-pride\\\/#breadcrumb\",\"itemListElement\":[{\"@type\":\"ListItem\",\"position\":1,\"name\":\"Hjem\",\"item\":\"https:\\\/\\\/lmarsports.com\\\/test\\\/\"},{\"@type\":\"ListItem\",\"position\":2,\"name\":\"Butikk\",\"item\":\"https:\\\/\\\/lmarsports.com\\\/test\\\/butikk\\\/\"},{\"@type\":\"ListItem\",\"position\":3,\"name\":\"Love hjerte pin pride\"}]},{\"@type\":\"WebSite\",\"@id\":\"https:\\\/\\\/lmarsports.com\\\/test\\\/#website\",\"url\":\"https:\\\/\\\/lmarsports.com\\\/test\\\/\",\"name\":\"Prideshoppen - Pride butikk med kl\u00e6r og merch\",\"description\":\"Pride er for alle\",\"publisher\":{\"@id\":\"https:\\\/\\\/lmarsports.com\\\/test\\\/#organization\"},\"potentialAction\":[{\"@type\":\"SearchAction\",\"target\":{\"@type\":\"EntryPoint\",\"urlTemplate\":\"https:\\\/\\\/lmarsports.com\\\/test\\\/?s={search_term_string}\"},\"query-input\":{\"@type\":\"PropertyValueSpecification\",\"valueRequired\":true,\"valueName\":\"search_term_string\"}}],\"inLanguage\":\"nb-NO\"},{\"@type\":\"Organization\",\"@id\":\"https:\\\/\\\/lmarsports.com\\\/test\\\/#organization\",\"name\":\"Prideshoppen - Pride butikk med kl\u00e6r og merch\",\"url\":\"https:\\\/\\\/lmarsports.com\\\/test\\\/\",\"logo\":{\"@type\":\"ImageObject\",\"inLanguage\":\"nb-NO\",\"@id\":\"https:\\\/\\\/lmarsports.com\\\/test\\\/#\\\/schema\\\/logo\\\/image\\\/\",\"url\":\"https:\\\/\\\/lmarsports.com\\\/test\\\/wp-content\\\/uploads\\\/2024\\\/09\\\/Prideshoppen-_logo_black.jpg\",\"contentUrl\":\"https:\\\/\\\/lmarsports.com\\\/test\\\/wp-content\\\/uploads\\\/2024\\\/09\\\/Prideshoppen-_logo_black.jpg\",\"width\":2185,\"height\":596,\"caption\":\"Prideshoppen - Pride butikk med kl\u00e6r og merch\"},\"image\":{\"@id\":\"https:\\\/\\\/lmarsports.com\\\/test\\\/#\\\/schema\\\/logo\\\/image\\\/\"},\"sameAs\":[\"https:\\\/\\\/facebook.com\\\/Prideshoppen\"]}]}<\/script>\n<!-- \/ Yoast SEO plugin. -->","yoast_head_json":{"title":"Love hjerte pin pride - Prideshoppen - Pride butikk med kl\u00e6r, merch, flagg og alt til pride","description":"En nydelig pride pin med teksten \"Love\". Utformet som et hjerte. I regnbuens farger gj\u00f8r det til en vakker pride pin. Vi har over 30 ulike pride pins.","robots":{"index":"index","follow":"follow","max-snippet":"max-snippet:-1","max-image-preview":"max-image-preview:large","max-video-preview":"max-video-preview:-1"},"canonical":"https:\/\/lmarsports.com\/test\/pride-pins\/love-hjerte-pin-pride\/","og_locale":"nb_NO","og_type":"article","og_title":"Love hjerte pin pride - Prideshoppen - Pride butikk med kl\u00e6r, merch, flagg og alt til pride","og_description":"En nydelig pride pin med teksten \"Love\". Utformet som et hjerte. I regnbuens farger gj\u00f8r det til en vakker pride pin. Vi har over 30 ulike pride pins.","og_url":"https:\/\/lmarsports.com\/test\/pride-pins\/love-hjerte-pin-pride\/","og_site_name":"Prideshoppen - Pride butikk med kl\u00e6r, merch, flagg og alt til pride","article_publisher":"https:\/\/facebook.com\/Prideshoppen","article_modified_time":"2026-03-20T20:55:00+00:00","og_image":[{"width":1000,"height":1000,"url":"https:\/\/lmarsports.com\/test\/wp-content\/uploads\/2024\/10\/love-hjerte-pin-pride.png","type":"image\/png"}],"twitter_card":"summary_large_image","twitter_misc":{"Ansl. lesetid":"2 minutter"},"schema":{"@context":"https:\/\/schema.org","@graph":[{"@type":"WebPage","@id":"https:\/\/lmarsports.com\/test\/pride-pins\/love-hjerte-pin-pride\/","url":"https:\/\/lmarsports.com\/test\/pride-pins\/love-hjerte-pin-pride\/","name":"Love hjerte pin pride - Prideshoppen - Pride butikk med kl\u00e6r, merch, flagg og alt til pride","isPartOf":{"@id":"https:\/\/lmarsports.com\/test\/#website"},"primaryImageOfPage":{"@id":"https:\/\/lmarsports.com\/test\/pride-pins\/love-hjerte-pin-pride\/#primaryimage"},"image":{"@id":"https:\/\/lmarsports.com\/test\/pride-pins\/love-hjerte-pin-pride\/#primaryimage"},"thumbnailUrl":"https:\/\/lmarsports.com\/test\/wp-content\/uploads\/2024\/10\/love-hjerte-pin-pride.png","datePublished":"2025-05-05T17:38:58+00:00","dateModified":"2026-03-20T20:55:00+00:00","description":"En nydelig pride pin med teksten \"Love\". Utformet som et hjerte. I regnbuens farger gj\u00f8r det til en vakker pride pin. Vi har over 30 ulike pride pins.","breadcrumb":{"@id":"https:\/\/lmarsports.com\/test\/pride-pins\/love-hjerte-pin-pride\/#breadcrumb"},"inLanguage":"nb-NO","potentialAction":[{"@type":"ReadAction","target":["https:\/\/lmarsports.com\/test\/pride-pins\/love-hjerte-pin-pride\/"]}]},{"@type":"ImageObject","inLanguage":"nb-NO","@id":"https:\/\/lmarsports.com\/test\/pride-pins\/love-hjerte-pin-pride\/#primaryimage","url":"https:\/\/lmarsports.com\/test\/wp-content\/uploads\/2024\/10\/love-hjerte-pin-pride.png","contentUrl":"https:\/\/lmarsports.com\/test\/wp-content\/uploads\/2024\/10\/love-hjerte-pin-pride.png","width":1000,"height":1000},{"@type":"BreadcrumbList","@id":"https:\/\/lmarsports.com\/test\/pride-pins\/love-hjerte-pin-pride\/#breadcrumb","itemListElement":[{"@type":"ListItem","position":1,"name":"Hjem","item":"https:\/\/lmarsports.com\/test\/"},{"@type":"ListItem","position":2,"name":"Butikk","item":"https:\/\/lmarsports.com\/test\/butikk\/"},{"@type":"ListItem","position":3,"name":"Love hjerte pin pride"}]},{"@type":"WebSite","@id":"https:\/\/lmarsports.com\/test\/#website","url":"https:\/\/lmarsports.com\/test\/","name":"Prideshoppen - Pride butikk med kl\u00e6r og merch","description":"Pride er for alle","publisher":{"@id":"https:\/\/lmarsports.com\/test\/#organization"},"potentialAction":[{"@type":"SearchAction","target":{"@type":"EntryPoint","urlTemplate":"https:\/\/lmarsports.com\/test\/?s={search_term_string}"},"query-input":{"@type":"PropertyValueSpecification","valueRequired":true,"valueName":"search_term_string"}}],"inLanguage":"nb-NO"},{"@type":"Organization","@id":"https:\/\/lmarsports.com\/test\/#organization","name":"Prideshoppen - Pride butikk med kl\u00e6r og merch","url":"https:\/\/lmarsports.com\/test\/","logo":{"@type":"ImageObject","inLanguage":"nb-NO","@id":"https:\/\/lmarsports.com\/test\/#\/schema\/logo\/image\/","url":"https:\/\/lmarsports.com\/test\/wp-content\/uploads\/2024\/09\/Prideshoppen-_logo_black.jpg","contentUrl":"https:\/\/lmarsports.com\/test\/wp-content\/uploads\/2024\/09\/Prideshoppen-_logo_black.jpg","width":2185,"height":596,"caption":"Prideshoppen - Pride butikk med kl\u00e6r og merch"},"image":{"@id":"https:\/\/lmarsports.com\/test\/#\/schema\/logo\/image\/"},"sameAs":["https:\/\/facebook.com\/Prideshoppen"]}]}},"_links":{"self":[{"href":"https:\/\/lmarsports.com\/test\/wp-json\/wp\/v2\/product\/4650","targetHints":{"allow":["GET"]}}],"collection":[{"href":"https:\/\/lmarsports.com\/test\/wp-json\/wp\/v2\/product"}],"about":[{"href":"https:\/\/lmarsports.com\/test\/wp-json\/wp\/v2\/types\/product"}],"replies":[{"embeddable":true,"href":"https:\/\/lmarsports.com\/test\/wp-json\/wp\/v2\/comments?post=4650"}],"wp:featuredmedia":[{"embeddable":true,"href":"https:\/\/lmarsports.com\/test\/wp-json\/wp\/v2\/media\/4651"}],"wp:attachment":[{"href":"https:\/\/lmarsports.com\/test\/wp-json\/wp\/v2\/media?parent=4650"}],"wp:term":[{"taxonomy":"product_brand","embeddable":true,"href":"https:\/\/lmarsports.com\/test\/wp-json\/wp\/v2\/product_brand?post=4650"},{"taxonomy":"product_cat","embeddable":true,"href":"https:\/\/lmarsports.com\/test\/wp-json\/wp\/v2\/product_cat?post=4650"},{"taxonomy":"product_tag","embeddable":true,"href":"https:\/\/lmarsports.com\/test\/wp-json\/wp\/v2\/product_tag?post=4650"}],"curies":[{"name":"wp","href":"https:\/\/api.w.org\/{rel}","templated":true}]}}